{"id":5098,"date":"2025-01-02T13:46:10","date_gmt":"2025-01-02T13:46:10","guid":{"rendered":"https:\/\/hyundaishop.eu\/shop\/uncategorized\/mh-mens-polo-navy\/"},"modified":"2026-04-09T08:23:52","modified_gmt":"2026-04-09T08:23:52","slug":"mh-mens-polo-navy","status":"publish","type":"product","link":"https:\/\/hyundaishop.eu\/it\/shop\/material-handling\/clothing-material-handling\/mh-mens-polo-navy\/","title":{"rendered":"MH Men&#8217;s Polo Navy"},"content":{"rendered":"","protected":false},"excerpt":{"rendered":"<p>Il nostro polo da uomo blu navy \u00e8 un capo essenziale e senza tempo, perfetto per diverse occasioni. Il nostro polo \u00e8 realizzato in una qualit\u00e0 stretch leggera e morbida che offre maggiore comfort e libert\u00e0 di movimento. Le maniche sono rifinite con un polsino aderente fatto dello stesso materiale.<\/p>","protected":false},"featured_media":5156,"comment_status":"open","ping_status":"closed","template":"","meta":{"_acf_changed":false},"product_brand":[],"product_cat":[193,191],"product_tag":[],"class_list":{"0":"post-5098","1":"product","2":"type-product","3":"status-publish","4":"has-post-thumbnail","6":"product_cat-clothing-material-handling","7":"product_cat-material-handling","9":"first","10":"instock","11":"taxable","12":"shipping-taxable","13":"purchasable","14":"product-type-variable"},"acf":[],"_links":{"self":[{"href":"https:\/\/hyundaishop.eu\/it\/wp-json\/wp\/v2\/product\/5098","targetHints":{"allow":["GET"]}}],"collection":[{"href":"https:\/\/hyundaishop.eu\/it\/wp-json\/wp\/v2\/product"}],"about":[{"href":"https:\/\/hyundaishop.eu\/it\/wp-json\/wp\/v2\/types\/product"}],"replies":[{"embeddable":true,"href":"https:\/\/hyundaishop.eu\/it\/wp-json\/wp\/v2\/comments?post=5098"}],"wp:featuredmedia":[{"embeddable":true,"href":"https:\/\/hyundaishop.eu\/it\/wp-json\/wp\/v2\/media\/5156"}],"wp:attachment":[{"href":"https:\/\/hyundaishop.eu\/it\/wp-json\/wp\/v2\/media?parent=5098"}],"wp:term":[{"taxonomy":"product_brand","embeddable":true,"href":"https:\/\/hyundaishop.eu\/it\/wp-json\/wp\/v2\/product_brand?post=5098"},{"taxonomy":"product_cat","embeddable":true,"href":"https:\/\/hyundaishop.eu\/it\/wp-json\/wp\/v2\/product_cat?post=5098"},{"taxonomy":"product_tag","embeddable":true,"href":"https:\/\/hyundaishop.eu\/it\/wp-json\/wp\/v2\/product_tag?post=5098"}],"curies":[{"name":"wp","href":"https:\/\/api.w.org\/{rel}","templated":true}]}}