{"id":5083,"date":"2025-01-02T12:47:41","date_gmt":"2025-01-02T12:47:41","guid":{"rendered":"https:\/\/hyundaishop.eu\/shop\/uncategorized\/mh-lanyard\/"},"modified":"2026-04-09T08:23:31","modified_gmt":"2026-04-09T08:23:31","slug":"mh-lanyard","status":"publish","type":"product","link":"https:\/\/hyundaishop.eu\/it\/shop\/material-handling\/merchandise\/mh-lanyard\/","title":{"rendered":"MH Lanyard"},"content":{"rendered":"","protected":false},"excerpt":{"rendered":"<p>Questo pratico cordino \u00e8 dotato di un gancio a scatto in metallo di alta qualit\u00e0 e un portachiavi. Il cordoncino blu con il logo Hyundai \u00e8 provvisto di un fermo di sicurezza che si rompe sotto pressione, mantenendoti al sicuro mentre lavori con attrezzature pesanti. Perfetto per assicurare le tue chiavi alla tua persona, ma funziona anche con altri piccoli ma importanti oggetti, come le carte d'identit\u00e0.<\/p>","protected":false},"featured_media":5497,"comment_status":"open","ping_status":"closed","template":"","meta":{"_acf_changed":false},"product_brand":[],"product_cat":[191,192],"product_tag":[],"class_list":{"0":"post-5083","1":"product","2":"type-product","3":"status-publish","4":"has-post-thumbnail","6":"product_cat-material-handling","7":"product_cat-merchandise","9":"first","10":"instock","11":"taxable","12":"shipping-taxable","13":"purchasable","14":"product-type-simple"},"acf":[],"_links":{"self":[{"href":"https:\/\/hyundaishop.eu\/it\/wp-json\/wp\/v2\/product\/5083","targetHints":{"allow":["GET"]}}],"collection":[{"href":"https:\/\/hyundaishop.eu\/it\/wp-json\/wp\/v2\/product"}],"about":[{"href":"https:\/\/hyundaishop.eu\/it\/wp-json\/wp\/v2\/types\/product"}],"replies":[{"embeddable":true,"href":"https:\/\/hyundaishop.eu\/it\/wp-json\/wp\/v2\/comments?post=5083"}],"wp:featuredmedia":[{"embeddable":true,"href":"https:\/\/hyundaishop.eu\/it\/wp-json\/wp\/v2\/media\/5497"}],"wp:attachment":[{"href":"https:\/\/hyundaishop.eu\/it\/wp-json\/wp\/v2\/media?parent=5083"}],"wp:term":[{"taxonomy":"product_brand","embeddable":true,"href":"https:\/\/hyundaishop.eu\/it\/wp-json\/wp\/v2\/product_brand?post=5083"},{"taxonomy":"product_cat","embeddable":true,"href":"https:\/\/hyundaishop.eu\/it\/wp-json\/wp\/v2\/product_cat?post=5083"},{"taxonomy":"product_tag","embeddable":true,"href":"https:\/\/hyundaishop.eu\/it\/wp-json\/wp\/v2\/product_tag?post=5083"}],"curies":[{"name":"wp","href":"https:\/\/api.w.org\/{rel}","templated":true}]}}