{"id":4832,"date":"2025-01-10T08:29:28","date_gmt":"2025-01-10T08:29:28","guid":{"rendered":"https:\/\/hyundaishop.eu\/?post_type=product&#038;p=4832"},"modified":"2025-01-10T08:39:03","modified_gmt":"2025-01-10T08:39:03","slug":"mens-polo-white-cb","status":"publish","type":"product","link":"https:\/\/hyundaishop.eu\/it\/shop\/co-branding\/mens-polo-white-cb\/","title":{"rendered":"Men&#8217;s Polo White (CB)"},"content":{"rendered":"","protected":false},"excerpt":{"rendered":"<p>Il nostro polo da uomo bianco \u00e8 un capo essenziale e senza tempo, perfetto per diverse occasioni. Il nostro polo \u00e8 realizzato in una qualit\u00e0 stretch leggera e morbida che offre maggiore comfort e libert\u00e0 di movimento. Le maniche sono rifinite con un polsino aderente fatto dello stesso materiale.<\/p>","protected":false},"featured_media":4862,"comment_status":"open","ping_status":"closed","template":"","meta":{"_acf_changed":false},"product_brand":[],"product_cat":[68],"product_tag":[],"class_list":{"0":"post-4832","1":"product","2":"type-product","3":"status-publish","4":"has-post-thumbnail","6":"product_cat-co-branding","8":"first","9":"instock","10":"taxable","11":"shipping-taxable","12":"purchasable","13":"product-type-variable"},"acf":[],"_links":{"self":[{"href":"https:\/\/hyundaishop.eu\/it\/wp-json\/wp\/v2\/product\/4832","targetHints":{"allow":["GET"]}}],"collection":[{"href":"https:\/\/hyundaishop.eu\/it\/wp-json\/wp\/v2\/product"}],"about":[{"href":"https:\/\/hyundaishop.eu\/it\/wp-json\/wp\/v2\/types\/product"}],"replies":[{"embeddable":true,"href":"https:\/\/hyundaishop.eu\/it\/wp-json\/wp\/v2\/comments?post=4832"}],"wp:featuredmedia":[{"embeddable":true,"href":"https:\/\/hyundaishop.eu\/it\/wp-json\/wp\/v2\/media\/4862"}],"wp:attachment":[{"href":"https:\/\/hyundaishop.eu\/it\/wp-json\/wp\/v2\/media?parent=4832"}],"wp:term":[{"taxonomy":"product_brand","embeddable":true,"href":"https:\/\/hyundaishop.eu\/it\/wp-json\/wp\/v2\/product_brand?post=4832"},{"taxonomy":"product_cat","embeddable":true,"href":"https:\/\/hyundaishop.eu\/it\/wp-json\/wp\/v2\/product_cat?post=4832"},{"taxonomy":"product_tag","embeddable":true,"href":"https:\/\/hyundaishop.eu\/it\/wp-json\/wp\/v2\/product_tag?post=4832"}],"curies":[{"name":"wp","href":"https:\/\/api.w.org\/{rel}","templated":true}]}}