{"id":4409,"date":"2024-10-31T13:26:37","date_gmt":"2024-10-31T13:26:37","guid":{"rendered":"https:\/\/hyundaishop.eu\/shop\/uncategorized\/multi-tool-12-functions\/"},"modified":"2026-04-09T08:20:47","modified_gmt":"2026-04-09T08:20:47","slug":"multi-tool-12-functions","status":"publish","type":"product","link":"https:\/\/hyundaishop.eu\/it\/shop\/construction-equipment\/lifestyle\/accessories\/multi-tool-12-functions\/","title":{"rendered":"Multi-Tool, 12 Functions"},"content":{"rendered":"","protected":false},"excerpt":{"rendered":"<p>Presentiamo il nostro strumento multifunzionale compatto, robusto e durevole, realizzato in acciaio inossidabile di alta qualit\u00e0 con manici in legno di faggio. Questo strumento essenziale \u00e8 un must per ogni scout, uomo dei lavori e amante delle attivit\u00e0 all'aperto. Dispone di 12 funzioni: pinza a grande apertura, pinza standard, tagliacavi, coltello seghettato, apribottiglie\/apriscatole, cacciavite piatto, cacciavite piatto di medie dimensioni, coltello piccolo, cacciavite a croce, coltello di medie dimensioni, lima e pulitore di lima. Il legno di faggio utilizzato proviene da pratiche sostenibili, ecologiche e socialmente responsabili.<\/p>","protected":false},"featured_media":7033,"comment_status":"open","ping_status":"closed","template":"","meta":{"_acf_changed":false},"product_brand":[],"product_cat":[175,199,20],"product_tag":[],"class_list":{"0":"post-4409","1":"product","2":"type-product","3":"status-publish","4":"has-post-thumbnail","6":"product_cat-accessories","7":"product_cat-construction-equipment","8":"product_cat-lifestyle","10":"first","11":"instock","12":"taxable","13":"shipping-taxable","14":"purchasable","15":"product-type-simple"},"acf":[],"_links":{"self":[{"href":"https:\/\/hyundaishop.eu\/it\/wp-json\/wp\/v2\/product\/4409","targetHints":{"allow":["GET"]}}],"collection":[{"href":"https:\/\/hyundaishop.eu\/it\/wp-json\/wp\/v2\/product"}],"about":[{"href":"https:\/\/hyundaishop.eu\/it\/wp-json\/wp\/v2\/types\/product"}],"replies":[{"embeddable":true,"href":"https:\/\/hyundaishop.eu\/it\/wp-json\/wp\/v2\/comments?post=4409"}],"wp:featuredmedia":[{"embeddable":true,"href":"https:\/\/hyundaishop.eu\/it\/wp-json\/wp\/v2\/media\/7033"}],"wp:attachment":[{"href":"https:\/\/hyundaishop.eu\/it\/wp-json\/wp\/v2\/media?parent=4409"}],"wp:term":[{"taxonomy":"product_brand","embeddable":true,"href":"https:\/\/hyundaishop.eu\/it\/wp-json\/wp\/v2\/product_brand?post=4409"},{"taxonomy":"product_cat","embeddable":true,"href":"https:\/\/hyundaishop.eu\/it\/wp-json\/wp\/v2\/product_cat?post=4409"},{"taxonomy":"product_tag","embeddable":true,"href":"https:\/\/hyundaishop.eu\/it\/wp-json\/wp\/v2\/product_tag?post=4409"}],"curies":[{"name":"wp","href":"https:\/\/api.w.org\/{rel}","templated":true}]}}