{"id":4407,"date":"2024-10-31T13:26:31","date_gmt":"2024-10-31T13:26:31","guid":{"rendered":"https:\/\/hyundaishop.eu\/shop\/uncategorized\/bamboo-flashlight\/"},"modified":"2026-04-09T08:20:44","modified_gmt":"2026-04-09T08:20:44","slug":"bamboo-flashlight","status":"publish","type":"product","link":"https:\/\/hyundaishop.eu\/it\/shop\/construction-equipment\/lifestyle\/accessories\/bamboo-flashlight\/","title":{"rendered":"Bamboo Flashlight"},"content":{"rendered":"","protected":false},"excerpt":{"rendered":"<p>Presentiamo la torcia Kuma con gancio a moschettone, realizzata in bamb\u00f9 certificato e 41% di plastica riciclata certificata RCS, rendendola una scelta ecologica. Dotata di una potente sorgente luminosa COB da 3 W, la Kuma produce 80 lumen di luminosit\u00e0 con una distanza del fascio fino a 100 metri e dispone di tre diverse modalit\u00e0 di luce. La batteria Li-ion 18650 da 1200 mAh garantisce da 3,5 a 4,5 ore di illuminazione continua con una singola carica, rendendola perfetta per il campeggio, progetti fai-da-te o per orientarsi durante le interruzioni di corrente.<\/p>\n<p>La torcia \u00e8 dotata di un gancio a moschettone in alluminio per un facile fissaggio a zaini o attrezzature. Poich\u00e9 il bamb\u00f9 \u00e8 un prodotto naturale, possono verificarsi piccole variazioni di colore e dimensioni, che possono influenzare il risultato finale della stampa. Ogni torcia viene fornita con un cavo di ricarica Type-C TPE di 30 cm ed \u00e8 confezionata in una scatola regalo realizzata con fonti sostenibili. Materiali: plastica ABS riciclata, legno di bamb\u00f9.<\/p>","protected":false},"featured_media":4501,"comment_status":"open","ping_status":"closed","template":"","meta":{"_acf_changed":false},"product_brand":[],"product_cat":[175,199,20],"product_tag":[],"class_list":{"0":"post-4407","1":"product","2":"type-product","3":"status-publish","4":"has-post-thumbnail","6":"product_cat-accessories","7":"product_cat-construction-equipment","8":"product_cat-lifestyle","10":"first","11":"onbackorder","12":"taxable","13":"shipping-taxable","14":"purchasable","15":"product-type-simple"},"acf":[],"_links":{"self":[{"href":"https:\/\/hyundaishop.eu\/it\/wp-json\/wp\/v2\/product\/4407","targetHints":{"allow":["GET"]}}],"collection":[{"href":"https:\/\/hyundaishop.eu\/it\/wp-json\/wp\/v2\/product"}],"about":[{"href":"https:\/\/hyundaishop.eu\/it\/wp-json\/wp\/v2\/types\/product"}],"replies":[{"embeddable":true,"href":"https:\/\/hyundaishop.eu\/it\/wp-json\/wp\/v2\/comments?post=4407"}],"wp:featuredmedia":[{"embeddable":true,"href":"https:\/\/hyundaishop.eu\/it\/wp-json\/wp\/v2\/media\/4501"}],"wp:attachment":[{"href":"https:\/\/hyundaishop.eu\/it\/wp-json\/wp\/v2\/media?parent=4407"}],"wp:term":[{"taxonomy":"product_brand","embeddable":true,"href":"https:\/\/hyundaishop.eu\/it\/wp-json\/wp\/v2\/product_brand?post=4407"},{"taxonomy":"product_cat","embeddable":true,"href":"https:\/\/hyundaishop.eu\/it\/wp-json\/wp\/v2\/product_cat?post=4407"},{"taxonomy":"product_tag","embeddable":true,"href":"https:\/\/hyundaishop.eu\/it\/wp-json\/wp\/v2\/product_tag?post=4407"}],"curies":[{"name":"wp","href":"https:\/\/api.w.org\/{rel}","templated":true}]}}