{"id":4403,"date":"2024-10-31T13:26:17","date_gmt":"2024-10-31T13:26:17","guid":{"rendered":"https:\/\/hyundaishop.eu\/shop\/uncategorized\/notebook-a5-with-pen\/"},"modified":"2026-04-09T08:20:40","modified_gmt":"2026-04-09T08:20:40","slug":"notebook-a5-with-pen","status":"publish","type":"product","link":"https:\/\/hyundaishop.eu\/it\/shop\/construction-equipment\/lifestyle\/office\/notebook-a5-with-pen\/","title":{"rendered":"Quaderno A5 con penna"},"content":{"rendered":"","protected":false},"excerpt":{"rendered":"<p>\"Scopri il quaderno Hyundai A5 con penna, una elegante cartella per la scrittura in formato A5, perfetta per tutte le tue note e idee. Questo quaderno presenta cuciture a contrasto e include 240 pagine (120 fogli) di carta a righe, ideale per un'esperienza di scrittura strutturata. Realizzato in materiale PU di alta qualit\u00e0 e accompagnato da una penna in metallo che scrive con inchiostro nero, questo quaderno \u00e8 sia pratico che elegante. Portalo ovunque con te e lascia fluire la tua creativit\u00e0!\n\n\n\n\n\"<\/p>","protected":false},"featured_media":4588,"comment_status":"open","ping_status":"closed","template":"","meta":{"_acf_changed":false},"product_brand":[],"product_cat":[199,20,39],"product_tag":[],"class_list":{"0":"post-4403","1":"product","2":"type-product","3":"status-publish","4":"has-post-thumbnail","6":"product_cat-construction-equipment","7":"product_cat-lifestyle","8":"product_cat-office","10":"first","11":"instock","12":"taxable","13":"shipping-taxable","14":"purchasable","15":"product-type-simple"},"acf":[],"_links":{"self":[{"href":"https:\/\/hyundaishop.eu\/it\/wp-json\/wp\/v2\/product\/4403","targetHints":{"allow":["GET"]}}],"collection":[{"href":"https:\/\/hyundaishop.eu\/it\/wp-json\/wp\/v2\/product"}],"about":[{"href":"https:\/\/hyundaishop.eu\/it\/wp-json\/wp\/v2\/types\/product"}],"replies":[{"embeddable":true,"href":"https:\/\/hyundaishop.eu\/it\/wp-json\/wp\/v2\/comments?post=4403"}],"wp:featuredmedia":[{"embeddable":true,"href":"https:\/\/hyundaishop.eu\/it\/wp-json\/wp\/v2\/media\/4588"}],"wp:attachment":[{"href":"https:\/\/hyundaishop.eu\/it\/wp-json\/wp\/v2\/media?parent=4403"}],"wp:term":[{"taxonomy":"product_brand","embeddable":true,"href":"https:\/\/hyundaishop.eu\/it\/wp-json\/wp\/v2\/product_brand?post=4403"},{"taxonomy":"product_cat","embeddable":true,"href":"https:\/\/hyundaishop.eu\/it\/wp-json\/wp\/v2\/product_cat?post=4403"},{"taxonomy":"product_tag","embeddable":true,"href":"https:\/\/hyundaishop.eu\/it\/wp-json\/wp\/v2\/product_tag?post=4403"}],"curies":[{"name":"wp","href":"https:\/\/api.w.org\/{rel}","templated":true}]}}