{"id":4253,"date":"2024-10-04T13:58:09","date_gmt":"2024-10-04T13:58:09","guid":{"rendered":"https:\/\/hyundaishop.eu\/shop\/uncategorized\/t-shirt-kids\/"},"modified":"2026-04-09T08:43:38","modified_gmt":"2026-04-09T08:43:38","slug":"t-shirt-kids","status":"publish","type":"product","link":"https:\/\/hyundaishop.eu\/it\/shop\/construction-equipment\/clothing\/tshirts-shirts\/t-shirt-kids\/","title":{"rendered":"T-shirt Kids"},"content":{"rendered":"","protected":false},"excerpt":{"rendered":"<p>La maglietta Hyundai per bambini \u00e8 una classica T-shirt con collo rotondo e dettagli a coste a quattro strati, completata da fasce su collo e spalle per una maggiore durata. Pre-ristretta per garantire una vestibilit\u00e0 e stabilit\u00e0 durature, questa maglietta assicura comfort e longevit\u00e0. Presenta il logo Hyundai insieme a immagini di modelli Hyundai, rendendola elegante e pratica per l'uso quotidiano.<\/p>","protected":false},"featured_media":4257,"comment_status":"open","ping_status":"closed","template":"","meta":{"_acf_changed":false},"product_brand":[],"product_cat":[198,18,199,35],"product_tag":[],"class_list":{"0":"post-4253","1":"product","2":"type-product","3":"status-publish","4":"has-post-thumbnail","6":"product_cat-bauma-uniform","7":"product_cat-clothing","8":"product_cat-construction-equipment","9":"product_cat-tshirts-shirts","11":"first","12":"instock","13":"taxable","14":"shipping-taxable","15":"purchasable","16":"product-type-variable"},"acf":[],"_links":{"self":[{"href":"https:\/\/hyundaishop.eu\/it\/wp-json\/wp\/v2\/product\/4253","targetHints":{"allow":["GET"]}}],"collection":[{"href":"https:\/\/hyundaishop.eu\/it\/wp-json\/wp\/v2\/product"}],"about":[{"href":"https:\/\/hyundaishop.eu\/it\/wp-json\/wp\/v2\/types\/product"}],"replies":[{"embeddable":true,"href":"https:\/\/hyundaishop.eu\/it\/wp-json\/wp\/v2\/comments?post=4253"}],"wp:featuredmedia":[{"embeddable":true,"href":"https:\/\/hyundaishop.eu\/it\/wp-json\/wp\/v2\/media\/4257"}],"wp:attachment":[{"href":"https:\/\/hyundaishop.eu\/it\/wp-json\/wp\/v2\/media?parent=4253"}],"wp:term":[{"taxonomy":"product_brand","embeddable":true,"href":"https:\/\/hyundaishop.eu\/it\/wp-json\/wp\/v2\/product_brand?post=4253"},{"taxonomy":"product_cat","embeddable":true,"href":"https:\/\/hyundaishop.eu\/it\/wp-json\/wp\/v2\/product_cat?post=4253"},{"taxonomy":"product_tag","embeddable":true,"href":"https:\/\/hyundaishop.eu\/it\/wp-json\/wp\/v2\/product_tag?post=4253"}],"curies":[{"name":"wp","href":"https:\/\/api.w.org\/{rel}","templated":true}]}}