{"id":3895,"date":"2024-08-21T14:01:44","date_gmt":"2024-08-21T14:01:44","guid":{"rendered":"https:\/\/hyundaishop.eu\/shop\/uncategorized\/pluche-monkey\/"},"modified":"2026-04-09T08:20:34","modified_gmt":"2026-04-09T08:20:34","slug":"plush-monkey","status":"publish","type":"product","link":"https:\/\/hyundaishop.eu\/it\/shop\/construction-equipment\/lifestyle\/plush-monkey\/","title":{"rendered":"Plush Monkey"},"content":{"rendered":"","protected":false},"excerpt":{"rendered":"<p>Questa adorabile scimmia di peluche Hyundai \u00e8 perfetta per coccole e momenti di gioco. Realizzata con materiali ultra morbidi e di alta qualit\u00e0, presenta un volto amichevole e un design abbracciabile. Ideale per bambini e collezionisti, \u00e8 un ottimo regalo per ogni occasione.<\/p>","protected":false},"featured_media":3927,"comment_status":"open","ping_status":"closed","template":"","meta":{"_acf_changed":false},"product_brand":[],"product_cat":[199,19,20],"product_tag":[],"class_list":{"0":"post-3895","1":"product","2":"type-product","3":"status-publish","4":"has-post-thumbnail","6":"product_cat-construction-equipment","7":"product_cat-kids-toys","8":"product_cat-lifestyle","10":"first","11":"instock","12":"taxable","13":"shipping-taxable","14":"purchasable","15":"product-type-simple"},"acf":[],"_links":{"self":[{"href":"https:\/\/hyundaishop.eu\/it\/wp-json\/wp\/v2\/product\/3895","targetHints":{"allow":["GET"]}}],"collection":[{"href":"https:\/\/hyundaishop.eu\/it\/wp-json\/wp\/v2\/product"}],"about":[{"href":"https:\/\/hyundaishop.eu\/it\/wp-json\/wp\/v2\/types\/product"}],"replies":[{"embeddable":true,"href":"https:\/\/hyundaishop.eu\/it\/wp-json\/wp\/v2\/comments?post=3895"}],"wp:featuredmedia":[{"embeddable":true,"href":"https:\/\/hyundaishop.eu\/it\/wp-json\/wp\/v2\/media\/3927"}],"wp:attachment":[{"href":"https:\/\/hyundaishop.eu\/it\/wp-json\/wp\/v2\/media?parent=3895"}],"wp:term":[{"taxonomy":"product_brand","embeddable":true,"href":"https:\/\/hyundaishop.eu\/it\/wp-json\/wp\/v2\/product_brand?post=3895"},{"taxonomy":"product_cat","embeddable":true,"href":"https:\/\/hyundaishop.eu\/it\/wp-json\/wp\/v2\/product_cat?post=3895"},{"taxonomy":"product_tag","embeddable":true,"href":"https:\/\/hyundaishop.eu\/it\/wp-json\/wp\/v2\/product_tag?post=3895"}],"curies":[{"name":"wp","href":"https:\/\/api.w.org\/{rel}","templated":true}]}}