{"id":3403,"date":"2024-11-10T07:54:10","date_gmt":"2024-11-10T07:54:10","guid":{"rendered":"https:\/\/hyundaishop.eu\/shop\/uncategorized\/mug-vintage\/"},"modified":"2026-04-09T08:20:14","modified_gmt":"2026-04-09T08:20:14","slug":"mug-vintage","status":"publish","type":"product","link":"https:\/\/hyundaishop.eu\/it\/shop\/construction-equipment\/lifestyle\/drinkware\/mug-vintage\/","title":{"rendered":"Mug vintage"},"content":{"rendered":"","protected":false},"excerpt":{"rendered":"<p>Questa elegante tazza Hyundai in blu navy, realizzata in ceramica di alta qualit\u00e0, garantisce durata e uso prolungato. Il suo look vintage aggiunge un tocco unico ai tuoi momenti caff\u00e8, mentre il manico curvo offre una presa comoda. Inoltre, questa tazza \u00e8 lavabile in lavastoviglie secondo la norma EN12875-1, il che significa che resiste ad almeno 125 cicli di lavaggio senza perdere la sua decorazione.<\/p>","protected":false},"featured_media":5964,"comment_status":"open","ping_status":"closed","template":"","meta":{"_acf_changed":false},"product_brand":[],"product_cat":[177,199,38,20],"product_tag":[],"class_list":{"0":"post-3403","1":"product","2":"type-product","3":"status-publish","4":"has-post-thumbnail","6":"product_cat-black-friday","7":"product_cat-construction-equipment","8":"product_cat-drinkware","9":"product_cat-lifestyle","11":"first","12":"instock","13":"taxable","14":"shipping-taxable","15":"purchasable","16":"product-type-simple"},"acf":[],"_links":{"self":[{"href":"https:\/\/hyundaishop.eu\/it\/wp-json\/wp\/v2\/product\/3403","targetHints":{"allow":["GET"]}}],"collection":[{"href":"https:\/\/hyundaishop.eu\/it\/wp-json\/wp\/v2\/product"}],"about":[{"href":"https:\/\/hyundaishop.eu\/it\/wp-json\/wp\/v2\/types\/product"}],"replies":[{"embeddable":true,"href":"https:\/\/hyundaishop.eu\/it\/wp-json\/wp\/v2\/comments?post=3403"}],"wp:featuredmedia":[{"embeddable":true,"href":"https:\/\/hyundaishop.eu\/it\/wp-json\/wp\/v2\/media\/5964"}],"wp:attachment":[{"href":"https:\/\/hyundaishop.eu\/it\/wp-json\/wp\/v2\/media?parent=3403"}],"wp:term":[{"taxonomy":"product_brand","embeddable":true,"href":"https:\/\/hyundaishop.eu\/it\/wp-json\/wp\/v2\/product_brand?post=3403"},{"taxonomy":"product_cat","embeddable":true,"href":"https:\/\/hyundaishop.eu\/it\/wp-json\/wp\/v2\/product_cat?post=3403"},{"taxonomy":"product_tag","embeddable":true,"href":"https:\/\/hyundaishop.eu\/it\/wp-json\/wp\/v2\/product_tag?post=3403"}],"curies":[{"name":"wp","href":"https:\/\/api.w.org\/{rel}","templated":true}]}}