{"id":709,"date":"2024-03-22T11:16:22","date_gmt":"2024-03-22T11:16:22","guid":{"rendered":"https:\/\/hyundaishop.olbecreative.com\/shop\/uncategorized\/polo-white-women\/"},"modified":"2026-02-26T14:42:32","modified_gmt":"2026-02-26T14:42:32","slug":"womens-polo-white","status":"publish","type":"product","link":"https:\/\/hyundaishop.eu\/fr\/shop\/construction-equipment\/clothing\/tshirts-shirts\/womens-polo-white\/","title":{"rendered":"**Women&#8217;s Polo White"},"content":{"rendered":"","protected":false},"excerpt":{"rendered":"<p>Notre polo Hyundai blanc allie sans effort style, confort et fonctionnalit\u00e9 pour vos activit\u00e9s quotidiennes. Ce design classique comprend une bande de cou et un col demi-lune, \u00e9l\u00e9gamment compl\u00e9t\u00e9 par une patte de boutonnage orn\u00e9e de boutons ton sur ton, ajoutant une touche de raffinement \u00e0 votre look de tous les jours.<\/p>\n<p>Designed with women\u2019s comfort in mind, the polo offers a slightly shaped fit, ensuring a flattering silhouette without sacrificing ease of movement. Providing breathability and all-day comfort.<\/p>","protected":false},"featured_media":6556,"comment_status":"open","ping_status":"closed","template":"","meta":{"_acf_changed":false},"product_brand":[],"product_cat":[177,18,199,35],"product_tag":[],"class_list":{"0":"post-709","1":"product","2":"type-product","3":"status-publish","4":"has-post-thumbnail","6":"product_cat-black-friday","7":"product_cat-clothing","8":"product_cat-construction-equipment","9":"product_cat-tshirts-shirts","11":"first","12":"onbackorder","13":"taxable","14":"shipping-taxable","15":"product-type-variable"},"acf":[],"_links":{"self":[{"href":"https:\/\/hyundaishop.eu\/fr\/wp-json\/wp\/v2\/product\/709","targetHints":{"allow":["GET"]}}],"collection":[{"href":"https:\/\/hyundaishop.eu\/fr\/wp-json\/wp\/v2\/product"}],"about":[{"href":"https:\/\/hyundaishop.eu\/fr\/wp-json\/wp\/v2\/types\/product"}],"replies":[{"embeddable":true,"href":"https:\/\/hyundaishop.eu\/fr\/wp-json\/wp\/v2\/comments?post=709"}],"wp:featuredmedia":[{"embeddable":true,"href":"https:\/\/hyundaishop.eu\/fr\/wp-json\/wp\/v2\/media\/6556"}],"wp:attachment":[{"href":"https:\/\/hyundaishop.eu\/fr\/wp-json\/wp\/v2\/media?parent=709"}],"wp:term":[{"taxonomy":"product_brand","embeddable":true,"href":"https:\/\/hyundaishop.eu\/fr\/wp-json\/wp\/v2\/product_brand?post=709"},{"taxonomy":"product_cat","embeddable":true,"href":"https:\/\/hyundaishop.eu\/fr\/wp-json\/wp\/v2\/product_cat?post=709"},{"taxonomy":"product_tag","embeddable":true,"href":"https:\/\/hyundaishop.eu\/fr\/wp-json\/wp\/v2\/product_tag?post=709"}],"curies":[{"name":"wp","href":"https:\/\/api.w.org\/{rel}","templated":true}]}}