{"id":687,"date":"2024-03-22T11:14:29","date_gmt":"2024-03-22T11:14:29","guid":{"rendered":"https:\/\/hyundaishop.olbecreative.com\/shop\/uncategorized\/notepad\/"},"modified":"2026-04-09T08:20:16","modified_gmt":"2026-04-09T08:20:16","slug":"notepad","status":"publish","type":"product","link":"https:\/\/hyundaishop.eu\/fr\/shop\/construction-equipment\/lifestyle\/office\/notepad\/","title":{"rendered":"Notepad"},"content":{"rendered":"<p>Ruled A5 hardcover standard notebook with elastic closure and bookmark ribbon.<\/p>","protected":false},"excerpt":{"rendered":"<p>D\u00e9couvrez le compagnon parfait pour tous vos besoins d'\u00e9criture : le bloc-notes HD Hyundai dans une \u00e9l\u00e9gante couleur bleu fonc\u00e9. Ce carnet de notes A5 \u00e0 couverture rigide de haute qualit\u00e9 est non seulement fonctionnel mais aussi \u00e9l\u00e9gant et durable, ce qui le rend id\u00e9al pour un usage professionnel et personnel. Dot\u00e9 d'une couverture rigide robuste pour une protection optimale, de 144 pages lign\u00e9es en papier premium de 70g\/m2, d'une fermeture par bande \u00e9lastique et d'un marque-page int\u00e9gr\u00e9, ce carnet garantit que vos notes sont toujours en s\u00e9curit\u00e9 et facilement accessibles.<\/p>","protected":false},"featured_media":5682,"comment_status":"open","ping_status":"closed","template":"","meta":{"_acf_changed":false},"product_brand":[],"product_cat":[199,20,39],"product_tag":[],"class_list":{"0":"post-687","1":"product","2":"type-product","3":"status-publish","4":"has-post-thumbnail","6":"product_cat-construction-equipment","7":"product_cat-lifestyle","8":"product_cat-office","10":"first","11":"instock","12":"taxable","13":"shipping-taxable","14":"purchasable","15":"product-type-simple"},"acf":[],"_links":{"self":[{"href":"https:\/\/hyundaishop.eu\/fr\/wp-json\/wp\/v2\/product\/687","targetHints":{"allow":["GET"]}}],"collection":[{"href":"https:\/\/hyundaishop.eu\/fr\/wp-json\/wp\/v2\/product"}],"about":[{"href":"https:\/\/hyundaishop.eu\/fr\/wp-json\/wp\/v2\/types\/product"}],"replies":[{"embeddable":true,"href":"https:\/\/hyundaishop.eu\/fr\/wp-json\/wp\/v2\/comments?post=687"}],"wp:featuredmedia":[{"embeddable":true,"href":"https:\/\/hyundaishop.eu\/fr\/wp-json\/wp\/v2\/media\/5682"}],"wp:attachment":[{"href":"https:\/\/hyundaishop.eu\/fr\/wp-json\/wp\/v2\/media?parent=687"}],"wp:term":[{"taxonomy":"product_brand","embeddable":true,"href":"https:\/\/hyundaishop.eu\/fr\/wp-json\/wp\/v2\/product_brand?post=687"},{"taxonomy":"product_cat","embeddable":true,"href":"https:\/\/hyundaishop.eu\/fr\/wp-json\/wp\/v2\/product_cat?post=687"},{"taxonomy":"product_tag","embeddable":true,"href":"https:\/\/hyundaishop.eu\/fr\/wp-json\/wp\/v2\/product_tag?post=687"}],"curies":[{"name":"wp","href":"https:\/\/api.w.org\/{rel}","templated":true}]}}