{"id":669,"date":"2024-03-22T11:13:07","date_gmt":"2024-03-22T11:13:07","guid":{"rendered":"https:\/\/hyundaishop.olbecreative.com\/shop\/uncategorized\/keychain\/"},"modified":"2026-04-09T08:20:21","modified_gmt":"2026-04-09T08:20:21","slug":"keychain","status":"publish","type":"product","link":"https:\/\/hyundaishop.eu\/fr\/shop\/construction-equipment\/lifestyle\/accessories\/keychain\/","title":{"rendered":"Keychain"},"content":{"rendered":"","protected":false},"excerpt":{"rendered":"<p>Sublimez vos essentiels avec le porte-cl\u00e9s en cuir Hyundai. Fabriqu\u00e9 en cuir de haute qualit\u00e9 et arborant l'embl\u00e9matique logo Hyundai sur une \u00e9l\u00e9gante plaque m\u00e9tallique, il ajoute une touche de sophistication \u00e0 votre look tout en gardant vos cl\u00e9s organis\u00e9es.<\/p>","protected":false},"featured_media":7004,"comment_status":"open","ping_status":"closed","template":"","meta":{"_acf_changed":false},"product_brand":[],"product_cat":[175,177,199,20],"product_tag":[],"class_list":{"0":"post-669","1":"product","2":"type-product","3":"status-publish","4":"has-post-thumbnail","6":"product_cat-accessories","7":"product_cat-black-friday","8":"product_cat-construction-equipment","9":"product_cat-lifestyle","11":"first","12":"instock","13":"taxable","14":"shipping-taxable","15":"purchasable","16":"product-type-simple"},"acf":[],"_links":{"self":[{"href":"https:\/\/hyundaishop.eu\/fr\/wp-json\/wp\/v2\/product\/669","targetHints":{"allow":["GET"]}}],"collection":[{"href":"https:\/\/hyundaishop.eu\/fr\/wp-json\/wp\/v2\/product"}],"about":[{"href":"https:\/\/hyundaishop.eu\/fr\/wp-json\/wp\/v2\/types\/product"}],"replies":[{"embeddable":true,"href":"https:\/\/hyundaishop.eu\/fr\/wp-json\/wp\/v2\/comments?post=669"}],"wp:featuredmedia":[{"embeddable":true,"href":"https:\/\/hyundaishop.eu\/fr\/wp-json\/wp\/v2\/media\/7004"}],"wp:attachment":[{"href":"https:\/\/hyundaishop.eu\/fr\/wp-json\/wp\/v2\/media?parent=669"}],"wp:term":[{"taxonomy":"product_brand","embeddable":true,"href":"https:\/\/hyundaishop.eu\/fr\/wp-json\/wp\/v2\/product_brand?post=669"},{"taxonomy":"product_cat","embeddable":true,"href":"https:\/\/hyundaishop.eu\/fr\/wp-json\/wp\/v2\/product_cat?post=669"},{"taxonomy":"product_tag","embeddable":true,"href":"https:\/\/hyundaishop.eu\/fr\/wp-json\/wp\/v2\/product_tag?post=669"}],"curies":[{"name":"wp","href":"https:\/\/api.w.org\/{rel}","templated":true}]}}