{"id":667,"date":"2024-11-22T11:13:00","date_gmt":"2024-11-22T11:13:00","guid":{"rendered":"https:\/\/hyundaishop.olbecreative.com\/shop\/uncategorized\/blue-beanie\/"},"modified":"2026-04-09T08:20:11","modified_gmt":"2026-04-09T08:20:11","slug":"blue-beanie","status":"publish","type":"product","link":"https:\/\/hyundaishop.eu\/fr\/shop\/construction-equipment\/clothing\/headwear\/blue-beanie\/","title":{"rendered":"Blue Beanie"},"content":{"rendered":"<p>A fashionable warm beanie in the official Hyundai colors, with a high-quality Hyundai logo embroidery.<\/p>","protected":false},"excerpt":{"rendered":"<p>Ce bonnet bleu est l'ajout essentiel \u00e0 votre collection Hyundai pour les jours plus froids ! Un bonnet chaud et \u00e0 la mode aux couleurs officielles de Hyundai, avec une broderie du logo Hyundai de haute qualit\u00e9.<\/p>","protected":false},"featured_media":7011,"comment_status":"open","ping_status":"closed","template":"","meta":{"_acf_changed":false},"product_brand":[],"product_cat":[177,18,199,27],"product_tag":[203],"class_list":{"0":"post-667","1":"product","2":"type-product","3":"status-publish","4":"has-post-thumbnail","6":"product_cat-black-friday","7":"product_cat-clothing","8":"product_cat-construction-equipment","9":"product_cat-headwear","10":"product_tag-winter","12":"first","13":"instock","14":"taxable","15":"shipping-taxable","16":"purchasable","17":"product-type-simple"},"acf":[],"_links":{"self":[{"href":"https:\/\/hyundaishop.eu\/fr\/wp-json\/wp\/v2\/product\/667","targetHints":{"allow":["GET"]}}],"collection":[{"href":"https:\/\/hyundaishop.eu\/fr\/wp-json\/wp\/v2\/product"}],"about":[{"href":"https:\/\/hyundaishop.eu\/fr\/wp-json\/wp\/v2\/types\/product"}],"replies":[{"embeddable":true,"href":"https:\/\/hyundaishop.eu\/fr\/wp-json\/wp\/v2\/comments?post=667"}],"wp:featuredmedia":[{"embeddable":true,"href":"https:\/\/hyundaishop.eu\/fr\/wp-json\/wp\/v2\/media\/7011"}],"wp:attachment":[{"href":"https:\/\/hyundaishop.eu\/fr\/wp-json\/wp\/v2\/media?parent=667"}],"wp:term":[{"taxonomy":"product_brand","embeddable":true,"href":"https:\/\/hyundaishop.eu\/fr\/wp-json\/wp\/v2\/product_brand?post=667"},{"taxonomy":"product_cat","embeddable":true,"href":"https:\/\/hyundaishop.eu\/fr\/wp-json\/wp\/v2\/product_cat?post=667"},{"taxonomy":"product_tag","embeddable":true,"href":"https:\/\/hyundaishop.eu\/fr\/wp-json\/wp\/v2\/product_tag?post=667"}],"curies":[{"name":"wp","href":"https:\/\/api.w.org\/{rel}","templated":true}]}}