{"id":5292,"date":"2025-01-10T07:56:31","date_gmt":"2025-01-10T07:56:31","guid":{"rendered":"https:\/\/hyundaishop.eu\/?post_type=product&#038;p=5292"},"modified":"2025-02-06T12:28:18","modified_gmt":"2025-02-06T12:28:18","slug":"mh-womens-polo-navy-cb","status":"publish","type":"product","link":"https:\/\/hyundaishop.eu\/fr\/shop\/material-handling-co-branding\/mh-womens-polo-navy-cb\/","title":{"rendered":"MH Women&#8217;s Polo Navy (CB)"},"content":{"rendered":"","protected":false},"excerpt":{"rendered":"<p>Notre polo Hyundai bleu marine allie sans effort style, confort et fonctionnalit\u00e9 pour vos activit\u00e9s quotidiennes. Ce design classique comprend une bande de cou et un col demi-lune, \u00e9l\u00e9gamment compl\u00e9t\u00e9 par une patte de boutonnage orn\u00e9e de boutons ton sur ton, ajoutant une touche de raffinement \u00e0 votre look de tous les jours.<\/p>\n<p>Designed with women\u2019s comfort in mind, the polo offers a slightly shaped fit, ensuring a flattering silhouette without sacrificing ease of movement. Providing breathability and all-day comfort.<\/p>","protected":false},"featured_media":5155,"comment_status":"open","ping_status":"closed","template":"","meta":{"_acf_changed":false},"product_brand":[],"product_cat":[197],"product_tag":[],"class_list":{"0":"post-5292","1":"product","2":"type-product","3":"status-publish","4":"has-post-thumbnail","6":"product_cat-material-handling-co-branding","8":"first","9":"onbackorder","10":"taxable","11":"shipping-taxable","12":"purchasable","13":"product-type-variable"},"acf":[],"_links":{"self":[{"href":"https:\/\/hyundaishop.eu\/fr\/wp-json\/wp\/v2\/product\/5292","targetHints":{"allow":["GET"]}}],"collection":[{"href":"https:\/\/hyundaishop.eu\/fr\/wp-json\/wp\/v2\/product"}],"about":[{"href":"https:\/\/hyundaishop.eu\/fr\/wp-json\/wp\/v2\/types\/product"}],"replies":[{"embeddable":true,"href":"https:\/\/hyundaishop.eu\/fr\/wp-json\/wp\/v2\/comments?post=5292"}],"wp:featuredmedia":[{"embeddable":true,"href":"https:\/\/hyundaishop.eu\/fr\/wp-json\/wp\/v2\/media\/5155"}],"wp:attachment":[{"href":"https:\/\/hyundaishop.eu\/fr\/wp-json\/wp\/v2\/media?parent=5292"}],"wp:term":[{"taxonomy":"product_brand","embeddable":true,"href":"https:\/\/hyundaishop.eu\/fr\/wp-json\/wp\/v2\/product_brand?post=5292"},{"taxonomy":"product_cat","embeddable":true,"href":"https:\/\/hyundaishop.eu\/fr\/wp-json\/wp\/v2\/product_cat?post=5292"},{"taxonomy":"product_tag","embeddable":true,"href":"https:\/\/hyundaishop.eu\/fr\/wp-json\/wp\/v2\/product_tag?post=5292"}],"curies":[{"name":"wp","href":"https:\/\/api.w.org\/{rel}","templated":true}]}}