{"id":5157,"date":"2025-01-02T14:58:45","date_gmt":"2025-01-02T14:58:45","guid":{"rendered":"https:\/\/hyundaishop.eu\/shop\/uncategorized\/unisex-navy-jacket-2\/"},"modified":"2026-03-26T13:49:59","modified_gmt":"2026-03-26T13:49:59","slug":"mh-unisex-navy-jacket","status":"publish","type":"product","link":"https:\/\/hyundaishop.eu\/fr\/shop\/material-handling\/clothing-material-handling\/mh-unisex-navy-jacket\/","title":{"rendered":"MH Unisex Navy Jacket"},"content":{"rendered":"","protected":false},"excerpt":{"rendered":"<p>La veste bleu marine Hyundai est un essentiel l\u00e9ger, parfait pour les saisons interm\u00e9diaires. Fabriqu\u00e9e \u00e0 partir de mat\u00e9riaux de haute qualit\u00e9, elle offre \u00e0 la fois style et fonctionnalit\u00e9. Restez au chaud sans vous sentir alourdi dans cette veste bleu marine polyvalente, con\u00e7ue pour compl\u00e9ter n'importe quelle tenue.<\/p>","protected":false},"featured_media":5162,"comment_status":"open","ping_status":"closed","template":"","meta":{"_acf_changed":false},"product_brand":[],"product_cat":[193,191],"product_tag":[],"class_list":{"0":"post-5157","1":"product","2":"type-product","3":"status-publish","4":"has-post-thumbnail","6":"product_cat-clothing-material-handling","7":"product_cat-material-handling","9":"first","10":"instock","11":"taxable","12":"shipping-taxable","13":"purchasable","14":"product-type-variable"},"acf":[],"_links":{"self":[{"href":"https:\/\/hyundaishop.eu\/fr\/wp-json\/wp\/v2\/product\/5157","targetHints":{"allow":["GET"]}}],"collection":[{"href":"https:\/\/hyundaishop.eu\/fr\/wp-json\/wp\/v2\/product"}],"about":[{"href":"https:\/\/hyundaishop.eu\/fr\/wp-json\/wp\/v2\/types\/product"}],"replies":[{"embeddable":true,"href":"https:\/\/hyundaishop.eu\/fr\/wp-json\/wp\/v2\/comments?post=5157"}],"wp:featuredmedia":[{"embeddable":true,"href":"https:\/\/hyundaishop.eu\/fr\/wp-json\/wp\/v2\/media\/5162"}],"wp:attachment":[{"href":"https:\/\/hyundaishop.eu\/fr\/wp-json\/wp\/v2\/media?parent=5157"}],"wp:term":[{"taxonomy":"product_brand","embeddable":true,"href":"https:\/\/hyundaishop.eu\/fr\/wp-json\/wp\/v2\/product_brand?post=5157"},{"taxonomy":"product_cat","embeddable":true,"href":"https:\/\/hyundaishop.eu\/fr\/wp-json\/wp\/v2\/product_cat?post=5157"},{"taxonomy":"product_tag","embeddable":true,"href":"https:\/\/hyundaishop.eu\/fr\/wp-json\/wp\/v2\/product_tag?post=5157"}],"curies":[{"name":"wp","href":"https:\/\/api.w.org\/{rel}","templated":true}]}}