{"id":5100,"date":"2025-01-02T13:46:24","date_gmt":"2025-01-02T13:46:24","guid":{"rendered":"https:\/\/hyundaishop.eu\/shop\/uncategorized\/mens-hooded-zip-jacket-2\/"},"modified":"2026-04-09T08:24:03","modified_gmt":"2026-04-09T08:24:03","slug":"mh-mens-hooded-zip-jacket","status":"publish","type":"product","link":"https:\/\/hyundaishop.eu\/fr\/shop\/material-handling\/clothing-material-handling\/mh-mens-hooded-zip-jacket\/","title":{"rendered":"MH Men&#8217;s Hooded Zip Jacket"},"content":{"rendered":"","protected":false},"excerpt":{"rendered":"<p>La veste \u00e0 capuche zipp\u00e9e pour homme Hyundai est fabriqu\u00e9e dans un tissu sweat-shirt doux de couleur bleu marine. La fermeture \u00e9clair avant durable et les poches lat\u00e9rales pratiques offrent \u00e0 la fois praticit\u00e9 et style.<\/p>","protected":false},"featured_media":5154,"comment_status":"open","ping_status":"closed","template":"","meta":{"_acf_changed":false},"product_brand":[],"product_cat":[193,191],"product_tag":[],"class_list":{"0":"post-5100","1":"product","2":"type-product","3":"status-publish","4":"has-post-thumbnail","6":"product_cat-clothing-material-handling","7":"product_cat-material-handling","9":"first","10":"instock","11":"taxable","12":"shipping-taxable","13":"purchasable","14":"product-type-variable"},"acf":[],"_links":{"self":[{"href":"https:\/\/hyundaishop.eu\/fr\/wp-json\/wp\/v2\/product\/5100","targetHints":{"allow":["GET"]}}],"collection":[{"href":"https:\/\/hyundaishop.eu\/fr\/wp-json\/wp\/v2\/product"}],"about":[{"href":"https:\/\/hyundaishop.eu\/fr\/wp-json\/wp\/v2\/types\/product"}],"replies":[{"embeddable":true,"href":"https:\/\/hyundaishop.eu\/fr\/wp-json\/wp\/v2\/comments?post=5100"}],"wp:featuredmedia":[{"embeddable":true,"href":"https:\/\/hyundaishop.eu\/fr\/wp-json\/wp\/v2\/media\/5154"}],"wp:attachment":[{"href":"https:\/\/hyundaishop.eu\/fr\/wp-json\/wp\/v2\/media?parent=5100"}],"wp:term":[{"taxonomy":"product_brand","embeddable":true,"href":"https:\/\/hyundaishop.eu\/fr\/wp-json\/wp\/v2\/product_brand?post=5100"},{"taxonomy":"product_cat","embeddable":true,"href":"https:\/\/hyundaishop.eu\/fr\/wp-json\/wp\/v2\/product_cat?post=5100"},{"taxonomy":"product_tag","embeddable":true,"href":"https:\/\/hyundaishop.eu\/fr\/wp-json\/wp\/v2\/product_tag?post=5100"}],"curies":[{"name":"wp","href":"https:\/\/api.w.org\/{rel}","templated":true}]}}