{"id":5099,"date":"2025-01-02T13:46:16","date_gmt":"2025-01-02T13:46:16","guid":{"rendered":"https:\/\/hyundaishop.eu\/shop\/uncategorized\/mh-womens-polo-navy\/"},"modified":"2026-04-09T08:23:57","modified_gmt":"2026-04-09T08:23:57","slug":"mh-womens-polo-navy","status":"publish","type":"product","link":"https:\/\/hyundaishop.eu\/fr\/shop\/material-handling\/clothing-material-handling\/mh-womens-polo-navy\/","title":{"rendered":"MH Women&#8217;s Polo Navy"},"content":{"rendered":"","protected":false},"excerpt":{"rendered":"<p>Notre polo Hyundai bleu marine allie sans effort style, confort et fonctionnalit\u00e9 pour vos activit\u00e9s quotidiennes. Ce design classique comprend une bande de cou et un col demi-lune, \u00e9l\u00e9gamment compl\u00e9t\u00e9 par une patte de boutonnage orn\u00e9e de boutons ton sur ton, ajoutant une touche de raffinement \u00e0 votre look de tous les jours.<\/p>\n<p>Designed with women\u2019s comfort in mind, the polo offers a slightly shaped fit, ensuring a flattering silhouette without sacrificing ease of movement. Providing breathability and all-day comfort.<\/p>","protected":false},"featured_media":5155,"comment_status":"open","ping_status":"closed","template":"","meta":{"_acf_changed":false},"product_brand":[],"product_cat":[193,191],"product_tag":[],"class_list":{"0":"post-5099","1":"product","2":"type-product","3":"status-publish","4":"has-post-thumbnail","6":"product_cat-clothing-material-handling","7":"product_cat-material-handling","9":"first","10":"instock","11":"taxable","12":"shipping-taxable","13":"purchasable","14":"product-type-variable"},"acf":[],"_links":{"self":[{"href":"https:\/\/hyundaishop.eu\/fr\/wp-json\/wp\/v2\/product\/5099","targetHints":{"allow":["GET"]}}],"collection":[{"href":"https:\/\/hyundaishop.eu\/fr\/wp-json\/wp\/v2\/product"}],"about":[{"href":"https:\/\/hyundaishop.eu\/fr\/wp-json\/wp\/v2\/types\/product"}],"replies":[{"embeddable":true,"href":"https:\/\/hyundaishop.eu\/fr\/wp-json\/wp\/v2\/comments?post=5099"}],"wp:featuredmedia":[{"embeddable":true,"href":"https:\/\/hyundaishop.eu\/fr\/wp-json\/wp\/v2\/media\/5155"}],"wp:attachment":[{"href":"https:\/\/hyundaishop.eu\/fr\/wp-json\/wp\/v2\/media?parent=5099"}],"wp:term":[{"taxonomy":"product_brand","embeddable":true,"href":"https:\/\/hyundaishop.eu\/fr\/wp-json\/wp\/v2\/product_brand?post=5099"},{"taxonomy":"product_cat","embeddable":true,"href":"https:\/\/hyundaishop.eu\/fr\/wp-json\/wp\/v2\/product_cat?post=5099"},{"taxonomy":"product_tag","embeddable":true,"href":"https:\/\/hyundaishop.eu\/fr\/wp-json\/wp\/v2\/product_tag?post=5099"}],"curies":[{"name":"wp","href":"https:\/\/api.w.org\/{rel}","templated":true}]}}