{"id":5087,"date":"2025-01-02T12:51:46","date_gmt":"2025-01-02T12:51:46","guid":{"rendered":"https:\/\/hyundaishop.eu\/shop\/uncategorized\/mh-pen-navy\/"},"modified":"2026-04-09T08:23:35","modified_gmt":"2026-04-09T08:23:35","slug":"mh-pen-navy","status":"publish","type":"product","link":"https:\/\/hyundaishop.eu\/fr\/shop\/material-handling\/merchandise\/mh-pen-navy\/","title":{"rendered":"MH Pen Navy"},"content":{"rendered":"","protected":false},"excerpt":{"rendered":"<p>Que vous preniez des notes, cr\u00e9iez un chef-d'\u0153uvre ou ayez simplement besoin d'un outil d'\u00e9criture fiable, le stylo \u00e0 bille bleu avec le logo Hyundai grav\u00e9 est le compagnon parfait.<\/p>","protected":false},"featured_media":5088,"comment_status":"open","ping_status":"closed","template":"","meta":{"_acf_changed":false},"product_brand":[],"product_cat":[191,192],"product_tag":[],"class_list":{"0":"post-5087","1":"product","2":"type-product","3":"status-publish","4":"has-post-thumbnail","6":"product_cat-material-handling","7":"product_cat-merchandise","9":"first","10":"instock","11":"taxable","12":"shipping-taxable","13":"purchasable","14":"product-type-simple"},"acf":[],"_links":{"self":[{"href":"https:\/\/hyundaishop.eu\/fr\/wp-json\/wp\/v2\/product\/5087","targetHints":{"allow":["GET"]}}],"collection":[{"href":"https:\/\/hyundaishop.eu\/fr\/wp-json\/wp\/v2\/product"}],"about":[{"href":"https:\/\/hyundaishop.eu\/fr\/wp-json\/wp\/v2\/types\/product"}],"replies":[{"embeddable":true,"href":"https:\/\/hyundaishop.eu\/fr\/wp-json\/wp\/v2\/comments?post=5087"}],"wp:featuredmedia":[{"embeddable":true,"href":"https:\/\/hyundaishop.eu\/fr\/wp-json\/wp\/v2\/media\/5088"}],"wp:attachment":[{"href":"https:\/\/hyundaishop.eu\/fr\/wp-json\/wp\/v2\/media?parent=5087"}],"wp:term":[{"taxonomy":"product_brand","embeddable":true,"href":"https:\/\/hyundaishop.eu\/fr\/wp-json\/wp\/v2\/product_brand?post=5087"},{"taxonomy":"product_cat","embeddable":true,"href":"https:\/\/hyundaishop.eu\/fr\/wp-json\/wp\/v2\/product_cat?post=5087"},{"taxonomy":"product_tag","embeddable":true,"href":"https:\/\/hyundaishop.eu\/fr\/wp-json\/wp\/v2\/product_tag?post=5087"}],"curies":[{"name":"wp","href":"https:\/\/api.w.org\/{rel}","templated":true}]}}