{"id":5083,"date":"2025-01-02T12:47:41","date_gmt":"2025-01-02T12:47:41","guid":{"rendered":"https:\/\/hyundaishop.eu\/shop\/uncategorized\/mh-lanyard\/"},"modified":"2026-04-09T08:23:31","modified_gmt":"2026-04-09T08:23:31","slug":"mh-lanyard","status":"publish","type":"product","link":"https:\/\/hyundaishop.eu\/fr\/shop\/material-handling\/merchandise\/mh-lanyard\/","title":{"rendered":"MH Lanyard"},"content":{"rendered":"","protected":false},"excerpt":{"rendered":"<p>Ce porte-cl\u00e9s pratique est \u00e9quip\u00e9 d'un mousqueton en m\u00e9tal de haute qualit\u00e9 et d'un anneau porte-cl\u00e9s. Le cordon bleu avec le logo Hyundai est dot\u00e9 d'un loquet de s\u00e9curit\u00e9 qui se d\u00e9tache sous pression, vous gardant en s\u00e9curit\u00e9 lorsque vous travaillez avec des \u00e9quipements lourds. Parfait pour s\u00e9curiser vos cl\u00e9s sur vous, mais convient \u00e9galement \u00e0 d'autres petits objets importants, comme les cartes d'identit\u00e9.<\/p>","protected":false},"featured_media":5497,"comment_status":"open","ping_status":"closed","template":"","meta":{"_acf_changed":false},"product_brand":[],"product_cat":[191,192],"product_tag":[],"class_list":{"0":"post-5083","1":"product","2":"type-product","3":"status-publish","4":"has-post-thumbnail","6":"product_cat-material-handling","7":"product_cat-merchandise","9":"first","10":"instock","11":"taxable","12":"shipping-taxable","13":"purchasable","14":"product-type-simple"},"acf":[],"_links":{"self":[{"href":"https:\/\/hyundaishop.eu\/fr\/wp-json\/wp\/v2\/product\/5083","targetHints":{"allow":["GET"]}}],"collection":[{"href":"https:\/\/hyundaishop.eu\/fr\/wp-json\/wp\/v2\/product"}],"about":[{"href":"https:\/\/hyundaishop.eu\/fr\/wp-json\/wp\/v2\/types\/product"}],"replies":[{"embeddable":true,"href":"https:\/\/hyundaishop.eu\/fr\/wp-json\/wp\/v2\/comments?post=5083"}],"wp:featuredmedia":[{"embeddable":true,"href":"https:\/\/hyundaishop.eu\/fr\/wp-json\/wp\/v2\/media\/5497"}],"wp:attachment":[{"href":"https:\/\/hyundaishop.eu\/fr\/wp-json\/wp\/v2\/media?parent=5083"}],"wp:term":[{"taxonomy":"product_brand","embeddable":true,"href":"https:\/\/hyundaishop.eu\/fr\/wp-json\/wp\/v2\/product_brand?post=5083"},{"taxonomy":"product_cat","embeddable":true,"href":"https:\/\/hyundaishop.eu\/fr\/wp-json\/wp\/v2\/product_cat?post=5083"},{"taxonomy":"product_tag","embeddable":true,"href":"https:\/\/hyundaishop.eu\/fr\/wp-json\/wp\/v2\/product_tag?post=5083"}],"curies":[{"name":"wp","href":"https:\/\/api.w.org\/{rel}","templated":true}]}}