{"id":4911,"date":"2025-01-10T08:30:11","date_gmt":"2025-01-10T08:30:11","guid":{"rendered":"https:\/\/hyundaishop.eu\/?post_type=product&#038;p=4911"},"modified":"2025-01-10T08:35:02","modified_gmt":"2025-01-10T08:35:02","slug":"mens-mascot-shell-jacket-cb","status":"publish","type":"product","link":"https:\/\/hyundaishop.eu\/fr\/shop\/co-branding\/mens-mascot-shell-jacket-cb\/","title":{"rendered":"Men&#8217;s Mascot Shell Jacket (CB)"},"content":{"rendered":"","protected":false},"excerpt":{"rendered":"<p>\u00b7 Respirant, coupe-vent et imperm\u00e9able avec coutures \u00e9tanch\u00e9es.<br \/>\n\u00b7 Capuche doubl\u00e9e d\u00e9tachable avec cordon \u00e9lastique ajustable.<br \/>\n\u00b7 Porte-badge d\u00e9tachable.<br \/>\n\u00b7 Visibilit\u00e9 accrue gr\u00e2ce aux r\u00e9flecteurs.<br \/>\n\u00b7 Fermeture \u00e0 glissi\u00e8re avec rabat int\u00e9rieur coupe-vent pour bloquer le vent.<br \/>\n\u00b7 Poignets c\u00f4tel\u00e9s pour garder le froid \u00e0 l'ext\u00e9rieur.<br \/>\n\u00b7 Manches renforc\u00e9es en CORDURA\u00ae.<br \/>\n\u00b7 Fermeture \u00e0 glissi\u00e8re avec rabat int\u00e9rieur coupe-vent pour bloquer le vent.<\/p>\n<p>Mascot est mondialement reconnu pour ses v\u00eatements de travail de haute qualit\u00e9. Cette veste Mascot de marque HD Hyundai offre le meilleur en termes de confort et de fabrication. Superposez cette veste shell sur votre polo de marque HD Hyundai et votre gilet Mascot pour plus de confort et de style par temps frais.<\/p>","protected":false},"featured_media":4927,"comment_status":"open","ping_status":"closed","template":"","meta":{"_acf_changed":false},"product_brand":[],"product_cat":[68],"product_tag":[],"class_list":{"0":"post-4911","1":"product","2":"type-product","3":"status-publish","4":"has-post-thumbnail","6":"product_cat-co-branding","8":"first","9":"instock","10":"taxable","11":"shipping-taxable","12":"purchasable","13":"product-type-variable"},"acf":[],"_links":{"self":[{"href":"https:\/\/hyundaishop.eu\/fr\/wp-json\/wp\/v2\/product\/4911","targetHints":{"allow":["GET"]}}],"collection":[{"href":"https:\/\/hyundaishop.eu\/fr\/wp-json\/wp\/v2\/product"}],"about":[{"href":"https:\/\/hyundaishop.eu\/fr\/wp-json\/wp\/v2\/types\/product"}],"replies":[{"embeddable":true,"href":"https:\/\/hyundaishop.eu\/fr\/wp-json\/wp\/v2\/comments?post=4911"}],"wp:featuredmedia":[{"embeddable":true,"href":"https:\/\/hyundaishop.eu\/fr\/wp-json\/wp\/v2\/media\/4927"}],"wp:attachment":[{"href":"https:\/\/hyundaishop.eu\/fr\/wp-json\/wp\/v2\/media?parent=4911"}],"wp:term":[{"taxonomy":"product_brand","embeddable":true,"href":"https:\/\/hyundaishop.eu\/fr\/wp-json\/wp\/v2\/product_brand?post=4911"},{"taxonomy":"product_cat","embeddable":true,"href":"https:\/\/hyundaishop.eu\/fr\/wp-json\/wp\/v2\/product_cat?post=4911"},{"taxonomy":"product_tag","embeddable":true,"href":"https:\/\/hyundaishop.eu\/fr\/wp-json\/wp\/v2\/product_tag?post=4911"}],"curies":[{"name":"wp","href":"https:\/\/api.w.org\/{rel}","templated":true}]}}