{"id":4573,"date":"2024-10-31T15:06:58","date_gmt":"2024-10-31T15:06:58","guid":{"rendered":"https:\/\/hyundaishop.eu\/shop\/uncategorized\/mens-cardigan-grey\/"},"modified":"2026-04-09T09:05:47","modified_gmt":"2026-04-09T09:05:47","slug":"mens-cardigan-grey","status":"publish","type":"product","link":"https:\/\/hyundaishop.eu\/fr\/shop\/construction-equipment\/clothing\/hoodies-sweaters\/mens-cardigan-grey\/","title":{"rendered":"Men&#8217;s Cardigan Grey"},"content":{"rendered":"","protected":false},"excerpt":{"rendered":"<p>Notre cardigan gris est une couche polyvalente qui allie design intemporel et confort. Con\u00e7u dans un m\u00e9lange de tissus doux et de haute qualit\u00e9, ce cardigan offre de la chaleur sans encombrement, id\u00e9al pour les environnements professionnels ou d\u00e9contract\u00e9s. Sa coupe classique pr\u00e9sente une fermeture \u00e0 boutons et des poignets et ourlets c\u00f4tel\u00e9s pour un look soign\u00e9 et une coupe ajust\u00e9e. Facilement \u00e9l\u00e9gant, ce cardigan gris se superpose parfaitement sur une chemise ou un t-shirt, ajoutant une touche de sophistication \u00e0 toutes les tenues.<\/p>","protected":false},"featured_media":5598,"comment_status":"open","ping_status":"closed","template":"","meta":{"_acf_changed":false},"product_brand":[],"product_cat":[18,174],"product_tag":[204],"class_list":{"0":"post-4573","1":"product","2":"type-product","3":"status-publish","4":"has-post-thumbnail","6":"product_cat-clothing","7":"product_cat-hoodies-sweaters","8":"product_tag-seasonal","10":"first","11":"instock","12":"taxable","13":"shipping-taxable","14":"purchasable","15":"product-type-variable"},"acf":[],"_links":{"self":[{"href":"https:\/\/hyundaishop.eu\/fr\/wp-json\/wp\/v2\/product\/4573","targetHints":{"allow":["GET"]}}],"collection":[{"href":"https:\/\/hyundaishop.eu\/fr\/wp-json\/wp\/v2\/product"}],"about":[{"href":"https:\/\/hyundaishop.eu\/fr\/wp-json\/wp\/v2\/types\/product"}],"replies":[{"embeddable":true,"href":"https:\/\/hyundaishop.eu\/fr\/wp-json\/wp\/v2\/comments?post=4573"}],"wp:featuredmedia":[{"embeddable":true,"href":"https:\/\/hyundaishop.eu\/fr\/wp-json\/wp\/v2\/media\/5598"}],"wp:attachment":[{"href":"https:\/\/hyundaishop.eu\/fr\/wp-json\/wp\/v2\/media?parent=4573"}],"wp:term":[{"taxonomy":"product_brand","embeddable":true,"href":"https:\/\/hyundaishop.eu\/fr\/wp-json\/wp\/v2\/product_brand?post=4573"},{"taxonomy":"product_cat","embeddable":true,"href":"https:\/\/hyundaishop.eu\/fr\/wp-json\/wp\/v2\/product_cat?post=4573"},{"taxonomy":"product_tag","embeddable":true,"href":"https:\/\/hyundaishop.eu\/fr\/wp-json\/wp\/v2\/product_tag?post=4573"}],"curies":[{"name":"wp","href":"https:\/\/api.w.org\/{rel}","templated":true}]}}