{"id":4559,"date":"2024-10-31T15:05:39","date_gmt":"2024-10-31T15:05:39","guid":{"rendered":"https:\/\/hyundaishop.eu\/shop\/uncategorized\/unisex-hoodie-green\/"},"modified":"2026-04-09T09:02:07","modified_gmt":"2026-04-09T09:02:07","slug":"unisex-hoodie-green","status":"publish","type":"product","link":"https:\/\/hyundaishop.eu\/fr\/shop\/construction-equipment\/clothing\/hoodies-sweaters\/unisex-hoodie-green\/","title":{"rendered":"Unisex Hoodie Green"},"content":{"rendered":"","protected":false},"excerpt":{"rendered":"<p>Ce hoodie unisexe allie style et polyvalence, avec des ourlets c\u00f4tel\u00e9s 2x2 en \u00e9lasthanne aux poignets et \u00e0 la taille pour un ajustement confortable et flexible. Les tirettes de fermeture \u00e9clair sont personnalisables et peuvent \u00eatre remplac\u00e9es par d'autres couleurs pour correspondre au style ou au logo de votre marque, ajoutant une touche personnelle \u00e0 l'apparence de votre \u00e9quipe. Certifi\u00e9 Oeko-Tex 100, ce hoodie r\u00e9pond \u00e0 des crit\u00e8res environnementaux et de s\u00e9curit\u00e9 stricts, garantissant qualit\u00e9 et durabilit\u00e9.<\/p>","protected":false},"featured_media":6504,"comment_status":"open","ping_status":"closed","template":"","meta":{"_acf_changed":false},"product_brand":[],"product_cat":[18,174],"product_tag":[],"class_list":{"0":"post-4559","1":"product","2":"type-product","3":"status-publish","4":"has-post-thumbnail","6":"product_cat-clothing","7":"product_cat-hoodies-sweaters","9":"first","10":"instock","11":"taxable","12":"shipping-taxable","13":"purchasable","14":"product-type-variable"},"acf":[],"_links":{"self":[{"href":"https:\/\/hyundaishop.eu\/fr\/wp-json\/wp\/v2\/product\/4559","targetHints":{"allow":["GET"]}}],"collection":[{"href":"https:\/\/hyundaishop.eu\/fr\/wp-json\/wp\/v2\/product"}],"about":[{"href":"https:\/\/hyundaishop.eu\/fr\/wp-json\/wp\/v2\/types\/product"}],"replies":[{"embeddable":true,"href":"https:\/\/hyundaishop.eu\/fr\/wp-json\/wp\/v2\/comments?post=4559"}],"wp:featuredmedia":[{"embeddable":true,"href":"https:\/\/hyundaishop.eu\/fr\/wp-json\/wp\/v2\/media\/6504"}],"wp:attachment":[{"href":"https:\/\/hyundaishop.eu\/fr\/wp-json\/wp\/v2\/media?parent=4559"}],"wp:term":[{"taxonomy":"product_brand","embeddable":true,"href":"https:\/\/hyundaishop.eu\/fr\/wp-json\/wp\/v2\/product_brand?post=4559"},{"taxonomy":"product_cat","embeddable":true,"href":"https:\/\/hyundaishop.eu\/fr\/wp-json\/wp\/v2\/product_cat?post=4559"},{"taxonomy":"product_tag","embeddable":true,"href":"https:\/\/hyundaishop.eu\/fr\/wp-json\/wp\/v2\/product_tag?post=4559"}],"curies":[{"name":"wp","href":"https:\/\/api.w.org\/{rel}","templated":true}]}}