{"id":4529,"date":"2024-10-31T15:02:57","date_gmt":"2024-10-31T15:02:57","guid":{"rendered":"https:\/\/hyundaishop.eu\/shop\/uncategorized\/womens-t-shirt-navy\/"},"modified":"2026-04-09T08:47:37","modified_gmt":"2026-04-09T08:47:37","slug":"womens-t-shirt-navy","status":"publish","type":"product","link":"https:\/\/hyundaishop.eu\/fr\/shop\/construction-equipment\/clothing\/tshirts-shirts\/womens-t-shirt-navy\/","title":{"rendered":"Women&#8217;s T-shirt Navy"},"content":{"rendered":"","protected":false},"excerpt":{"rendered":"<p>\"Le T-shirt \u00e0 V-Cou pour femme en marine allie style et confort, en faisant un incontournable du quotidien. Avec son col en V flatteur et sa coupe ajust\u00e9e, ce T-shirt est fabriqu\u00e9 dans un tissu de haute qualit\u00e9 et respirant qui garantit un confort tout au long de la journ\u00e9e. Sa construction durable conserve sa forme et sa couleur lavage apr\u00e8s lavage, ce qui le rend id\u00e9al pour \u00eatre superpos\u00e9 ou port\u00e9 seul. Polyvalent, il se marie parfaitement avec des jeans, des jupes ou des shorts, ce qui en fait un ajout essentiel \u00e0 votre garde-robe.\n\"<\/p>","protected":false},"featured_media":5612,"comment_status":"open","ping_status":"closed","template":"","meta":{"_acf_changed":false},"product_brand":[],"product_cat":[18,35],"product_tag":[],"class_list":{"0":"post-4529","1":"product","2":"type-product","3":"status-publish","4":"has-post-thumbnail","6":"product_cat-clothing","7":"product_cat-tshirts-shirts","9":"first","10":"instock","11":"taxable","12":"shipping-taxable","13":"purchasable","14":"product-type-variable"},"acf":[],"_links":{"self":[{"href":"https:\/\/hyundaishop.eu\/fr\/wp-json\/wp\/v2\/product\/4529","targetHints":{"allow":["GET"]}}],"collection":[{"href":"https:\/\/hyundaishop.eu\/fr\/wp-json\/wp\/v2\/product"}],"about":[{"href":"https:\/\/hyundaishop.eu\/fr\/wp-json\/wp\/v2\/types\/product"}],"replies":[{"embeddable":true,"href":"https:\/\/hyundaishop.eu\/fr\/wp-json\/wp\/v2\/comments?post=4529"}],"wp:featuredmedia":[{"embeddable":true,"href":"https:\/\/hyundaishop.eu\/fr\/wp-json\/wp\/v2\/media\/5612"}],"wp:attachment":[{"href":"https:\/\/hyundaishop.eu\/fr\/wp-json\/wp\/v2\/media?parent=4529"}],"wp:term":[{"taxonomy":"product_brand","embeddable":true,"href":"https:\/\/hyundaishop.eu\/fr\/wp-json\/wp\/v2\/product_brand?post=4529"},{"taxonomy":"product_cat","embeddable":true,"href":"https:\/\/hyundaishop.eu\/fr\/wp-json\/wp\/v2\/product_cat?post=4529"},{"taxonomy":"product_tag","embeddable":true,"href":"https:\/\/hyundaishop.eu\/fr\/wp-json\/wp\/v2\/product_tag?post=4529"}],"curies":[{"name":"wp","href":"https:\/\/api.w.org\/{rel}","templated":true}]}}