{"id":4523,"date":"2024-10-31T15:02:24","date_gmt":"2024-10-31T15:02:24","guid":{"rendered":"https:\/\/hyundaishop.eu\/shop\/uncategorized\/mens-t-shirt-grey\/"},"modified":"2026-04-09T08:22:29","modified_gmt":"2026-04-09T08:22:29","slug":"mens-t-shirt-grey","status":"publish","type":"product","link":"https:\/\/hyundaishop.eu\/fr\/shop\/construction-equipment\/clothing\/tshirts-shirts\/mens-t-shirt-grey\/","title":{"rendered":"Men&#8217;s T-Shirt Grey"},"content":{"rendered":"","protected":false},"excerpt":{"rendered":"<p>\"Ce t-shirt classique pour homme allie style et durabilit\u00e9 avec des d\u00e9tails soigneusement con\u00e7us pour une tenue durable. Dot\u00e9 d'un col rond intemporel, il poss\u00e8de une encolure \u00e0 quatre couches qui conserve sa forme m\u00eame apr\u00e8s de nombreux lavages. Les bandes renforc\u00e9es au niveau du cou et des \u00e9paules offrent un confort et une structure suppl\u00e9mentaires, garantissant que le t-shirt reste en parfait \u00e9tat. En gris polyvalent, ce t-shirt est parfait pour un usage quotidien, offrant une coupe et une sensation de confort en toutes circonstances.\n\"<\/p>","protected":false},"featured_media":6563,"comment_status":"open","ping_status":"closed","template":"","meta":{"_acf_changed":false},"product_brand":[],"product_cat":[177,18,35],"product_tag":[],"class_list":{"0":"post-4523","1":"product","2":"type-product","3":"status-publish","4":"has-post-thumbnail","6":"product_cat-black-friday","7":"product_cat-clothing","8":"product_cat-tshirts-shirts","10":"first","11":"instock","12":"taxable","13":"shipping-taxable","14":"purchasable","15":"product-type-variable"},"acf":[],"_links":{"self":[{"href":"https:\/\/hyundaishop.eu\/fr\/wp-json\/wp\/v2\/product\/4523","targetHints":{"allow":["GET"]}}],"collection":[{"href":"https:\/\/hyundaishop.eu\/fr\/wp-json\/wp\/v2\/product"}],"about":[{"href":"https:\/\/hyundaishop.eu\/fr\/wp-json\/wp\/v2\/types\/product"}],"replies":[{"embeddable":true,"href":"https:\/\/hyundaishop.eu\/fr\/wp-json\/wp\/v2\/comments?post=4523"}],"wp:featuredmedia":[{"embeddable":true,"href":"https:\/\/hyundaishop.eu\/fr\/wp-json\/wp\/v2\/media\/6563"}],"wp:attachment":[{"href":"https:\/\/hyundaishop.eu\/fr\/wp-json\/wp\/v2\/media?parent=4523"}],"wp:term":[{"taxonomy":"product_brand","embeddable":true,"href":"https:\/\/hyundaishop.eu\/fr\/wp-json\/wp\/v2\/product_brand?post=4523"},{"taxonomy":"product_cat","embeddable":true,"href":"https:\/\/hyundaishop.eu\/fr\/wp-json\/wp\/v2\/product_cat?post=4523"},{"taxonomy":"product_tag","embeddable":true,"href":"https:\/\/hyundaishop.eu\/fr\/wp-json\/wp\/v2\/product_tag?post=4523"}],"curies":[{"name":"wp","href":"https:\/\/api.w.org\/{rel}","templated":true}]}}