{"id":4408,"date":"2024-10-31T13:26:34","date_gmt":"2024-10-31T13:26:34","guid":{"rendered":"https:\/\/hyundaishop.eu\/shop\/uncategorized\/multi-tool-bicycle\/"},"modified":"2026-04-09T08:20:45","modified_gmt":"2026-04-09T08:20:45","slug":"multi-tool-bicycle","status":"publish","type":"product","link":"https:\/\/hyundaishop.eu\/fr\/shop\/construction-equipment\/lifestyle\/accessories\/multi-tool-bicycle\/","title":{"rendered":"Multi tool- Bicycle"},"content":{"rendered":"","protected":false},"excerpt":{"rendered":"<p>D\u00e9couvrez notre outil multifonction compact, solide et durable pour v\u00e9los, fabriqu\u00e9 en acier inoxydable de haute qualit\u00e9 avec des poign\u00e9es en bois de h\u00eatre. Cet outil essentiel est un incontournable pour tout passionn\u00e9 de v\u00e9lo, parfait pour des r\u00e9parations rapides impr\u00e9vues. Il dispose de 8 outils de v\u00e9lo essentiels : cl\u00e9s hexagonales (2 mm, 2,5 mm, 3 mm, 4 mm, 5 mm, 5,5 mm, 6 mm), un tournevis cruciforme et un tournevis plat. Le bois de h\u00eatre utilis\u00e9 provient de pratiques durables, respectueuses de l'environnement et socialement responsables.<\/p>","protected":false},"featured_media":7034,"comment_status":"open","ping_status":"closed","template":"","meta":{"_acf_changed":false},"product_brand":[],"product_cat":[175,199,20],"product_tag":[],"class_list":{"0":"post-4408","1":"product","2":"type-product","3":"status-publish","4":"has-post-thumbnail","6":"product_cat-accessories","7":"product_cat-construction-equipment","8":"product_cat-lifestyle","10":"first","11":"instock","12":"taxable","13":"shipping-taxable","14":"purchasable","15":"product-type-simple"},"acf":[],"_links":{"self":[{"href":"https:\/\/hyundaishop.eu\/fr\/wp-json\/wp\/v2\/product\/4408","targetHints":{"allow":["GET"]}}],"collection":[{"href":"https:\/\/hyundaishop.eu\/fr\/wp-json\/wp\/v2\/product"}],"about":[{"href":"https:\/\/hyundaishop.eu\/fr\/wp-json\/wp\/v2\/types\/product"}],"replies":[{"embeddable":true,"href":"https:\/\/hyundaishop.eu\/fr\/wp-json\/wp\/v2\/comments?post=4408"}],"wp:featuredmedia":[{"embeddable":true,"href":"https:\/\/hyundaishop.eu\/fr\/wp-json\/wp\/v2\/media\/7034"}],"wp:attachment":[{"href":"https:\/\/hyundaishop.eu\/fr\/wp-json\/wp\/v2\/media?parent=4408"}],"wp:term":[{"taxonomy":"product_brand","embeddable":true,"href":"https:\/\/hyundaishop.eu\/fr\/wp-json\/wp\/v2\/product_brand?post=4408"},{"taxonomy":"product_cat","embeddable":true,"href":"https:\/\/hyundaishop.eu\/fr\/wp-json\/wp\/v2\/product_cat?post=4408"},{"taxonomy":"product_tag","embeddable":true,"href":"https:\/\/hyundaishop.eu\/fr\/wp-json\/wp\/v2\/product_tag?post=4408"}],"curies":[{"name":"wp","href":"https:\/\/api.w.org\/{rel}","templated":true}]}}