{"id":4406,"date":"2024-10-31T13:26:27","date_gmt":"2024-10-31T13:26:27","guid":{"rendered":"https:\/\/hyundaishop.eu\/shop\/uncategorized\/sticky-notes\/"},"modified":"2026-03-26T13:20:24","modified_gmt":"2026-03-26T13:20:24","slug":"sticky-notes","status":"publish","type":"product","link":"https:\/\/hyundaishop.eu\/fr\/shop\/construction-equipment\/lifestyle\/office\/sticky-notes\/","title":{"rendered":"Sticky notes"},"content":{"rendered":"","protected":false},"excerpt":{"rendered":"<p>Alliez organisation et cr\u00e9ativit\u00e9 avec les Sticky Notes Hyundai ! Ce mod\u00e8le standard comprend 50 feuilles de papier auto-adh\u00e9sif de 80 g\/m\u00b2, parfait pour prendre des notes, des rappels ou partager des id\u00e9es. La qualit\u00e9 sup\u00e9rieure du papier garantit que vos \u00e9crits restent clairs et lisibles, tandis que l'adh\u00e9sif puissant maintient vos notes en place o\u00f9 que vous en ayez besoin. Id\u00e9ales pour la maison, le bureau ou en d\u00e9placement, ces sticky notes sont un incontournable pour tous ceux qui souhaitent capturer leurs pens\u00e9es de mani\u00e8re pratique !<\/p>","protected":false},"featured_media":7209,"comment_status":"open","ping_status":"closed","template":"","meta":{"_acf_changed":false},"product_brand":[],"product_cat":[199,20,39],"product_tag":[],"class_list":{"0":"post-4406","1":"product","2":"type-product","3":"status-publish","4":"has-post-thumbnail","6":"product_cat-construction-equipment","7":"product_cat-lifestyle","8":"product_cat-office","10":"first","11":"instock","12":"taxable","13":"shipping-taxable","14":"purchasable","15":"product-type-simple"},"acf":[],"_links":{"self":[{"href":"https:\/\/hyundaishop.eu\/fr\/wp-json\/wp\/v2\/product\/4406","targetHints":{"allow":["GET"]}}],"collection":[{"href":"https:\/\/hyundaishop.eu\/fr\/wp-json\/wp\/v2\/product"}],"about":[{"href":"https:\/\/hyundaishop.eu\/fr\/wp-json\/wp\/v2\/types\/product"}],"replies":[{"embeddable":true,"href":"https:\/\/hyundaishop.eu\/fr\/wp-json\/wp\/v2\/comments?post=4406"}],"wp:featuredmedia":[{"embeddable":true,"href":"https:\/\/hyundaishop.eu\/fr\/wp-json\/wp\/v2\/media\/7209"}],"wp:attachment":[{"href":"https:\/\/hyundaishop.eu\/fr\/wp-json\/wp\/v2\/media?parent=4406"}],"wp:term":[{"taxonomy":"product_brand","embeddable":true,"href":"https:\/\/hyundaishop.eu\/fr\/wp-json\/wp\/v2\/product_brand?post=4406"},{"taxonomy":"product_cat","embeddable":true,"href":"https:\/\/hyundaishop.eu\/fr\/wp-json\/wp\/v2\/product_cat?post=4406"},{"taxonomy":"product_tag","embeddable":true,"href":"https:\/\/hyundaishop.eu\/fr\/wp-json\/wp\/v2\/product_tag?post=4406"}],"curies":[{"name":"wp","href":"https:\/\/api.w.org\/{rel}","templated":true}]}}