{"id":4405,"date":"2024-10-31T13:26:24","date_gmt":"2024-10-31T13:26:24","guid":{"rendered":"https:\/\/hyundaishop.eu\/shop\/uncategorized\/powerbank\/"},"modified":"2026-04-09T08:20:42","modified_gmt":"2026-04-09T08:20:42","slug":"powerbank","status":"publish","type":"product","link":"https:\/\/hyundaishop.eu\/fr\/shop\/construction-equipment\/lifestyle\/office\/powerbank\/","title":{"rendered":"Powerbank"},"content":{"rendered":"","protected":false},"excerpt":{"rendered":"<p>Vous recherchez un petit et pratique cadeau pour les employ\u00e9s, les partenaires commerciaux ou comme cadeau promotionnel ? La powerbank Volt 2200 mAh est un excellent choix. Avec une capacit\u00e9 de batterie de 2200 mAh, elle offre une augmentation substantielle de l'autonomie pour votre appareil mobile ou votre tablette (5V\/1A). La powerbank se recharge via le c\u00e2ble USB inclus, et le t\u00e9moin lumineux devient bleu lorsqu'elle est compl\u00e8tement charg\u00e9e. Fabriqu\u00e9e en aluminium l\u00e9ger et durable, la powerbank Volt est \u00e0 la fois pratique et \u00e9l\u00e9gante.<\/p>","protected":false},"featured_media":4499,"comment_status":"open","ping_status":"closed","template":"","meta":{"_acf_changed":false},"product_brand":[],"product_cat":[199,20,39],"product_tag":[],"class_list":{"0":"post-4405","1":"product","2":"type-product","3":"status-publish","4":"has-post-thumbnail","6":"product_cat-construction-equipment","7":"product_cat-lifestyle","8":"product_cat-office","10":"first","11":"instock","12":"taxable","13":"shipping-taxable","14":"purchasable","15":"product-type-simple"},"acf":[],"_links":{"self":[{"href":"https:\/\/hyundaishop.eu\/fr\/wp-json\/wp\/v2\/product\/4405","targetHints":{"allow":["GET"]}}],"collection":[{"href":"https:\/\/hyundaishop.eu\/fr\/wp-json\/wp\/v2\/product"}],"about":[{"href":"https:\/\/hyundaishop.eu\/fr\/wp-json\/wp\/v2\/types\/product"}],"replies":[{"embeddable":true,"href":"https:\/\/hyundaishop.eu\/fr\/wp-json\/wp\/v2\/comments?post=4405"}],"wp:featuredmedia":[{"embeddable":true,"href":"https:\/\/hyundaishop.eu\/fr\/wp-json\/wp\/v2\/media\/4499"}],"wp:attachment":[{"href":"https:\/\/hyundaishop.eu\/fr\/wp-json\/wp\/v2\/media?parent=4405"}],"wp:term":[{"taxonomy":"product_brand","embeddable":true,"href":"https:\/\/hyundaishop.eu\/fr\/wp-json\/wp\/v2\/product_brand?post=4405"},{"taxonomy":"product_cat","embeddable":true,"href":"https:\/\/hyundaishop.eu\/fr\/wp-json\/wp\/v2\/product_cat?post=4405"},{"taxonomy":"product_tag","embeddable":true,"href":"https:\/\/hyundaishop.eu\/fr\/wp-json\/wp\/v2\/product_tag?post=4405"}],"curies":[{"name":"wp","href":"https:\/\/api.w.org\/{rel}","templated":true}]}}