{"id":4403,"date":"2024-10-31T13:26:17","date_gmt":"2024-10-31T13:26:17","guid":{"rendered":"https:\/\/hyundaishop.eu\/shop\/uncategorized\/notebook-a5-with-pen\/"},"modified":"2026-04-09T08:20:40","modified_gmt":"2026-04-09T08:20:40","slug":"notebook-a5-with-pen","status":"publish","type":"product","link":"https:\/\/hyundaishop.eu\/fr\/shop\/construction-equipment\/lifestyle\/office\/notebook-a5-with-pen\/","title":{"rendered":"Notebook A5 with pen"},"content":{"rendered":"","protected":false},"excerpt":{"rendered":"<p>D\u00e9couvrez le carnet Hyundai A5 avec stylo, un \u00e9l\u00e9gant dossier d'\u00e9criture au format A5, parfait pour toutes vos notes et id\u00e9es. Ce carnet pr\u00e9sente des coutures contrast\u00e9es et comprend 240 pages (120 feuilles) de papier lign\u00e9, id\u00e9al pour une exp\u00e9rience d'\u00e9criture structur\u00e9e. Fabriqu\u00e9 en mat\u00e9riau PU de haute qualit\u00e9 et accompagn\u00e9 d'un stylo en m\u00e9tal qui \u00e9crit en encre noire, ce carnet est \u00e0 la fois pratique et \u00e9l\u00e9gant. Emportez-le partout avec vous et laissez libre cours \u00e0 votre cr\u00e9ativit\u00e9!<\/p>","protected":false},"featured_media":4588,"comment_status":"open","ping_status":"closed","template":"","meta":{"_acf_changed":false},"product_brand":[],"product_cat":[199,20,39],"product_tag":[],"class_list":{"0":"post-4403","1":"product","2":"type-product","3":"status-publish","4":"has-post-thumbnail","6":"product_cat-construction-equipment","7":"product_cat-lifestyle","8":"product_cat-office","10":"first","11":"instock","12":"taxable","13":"shipping-taxable","14":"purchasable","15":"product-type-simple"},"acf":[],"_links":{"self":[{"href":"https:\/\/hyundaishop.eu\/fr\/wp-json\/wp\/v2\/product\/4403","targetHints":{"allow":["GET"]}}],"collection":[{"href":"https:\/\/hyundaishop.eu\/fr\/wp-json\/wp\/v2\/product"}],"about":[{"href":"https:\/\/hyundaishop.eu\/fr\/wp-json\/wp\/v2\/types\/product"}],"replies":[{"embeddable":true,"href":"https:\/\/hyundaishop.eu\/fr\/wp-json\/wp\/v2\/comments?post=4403"}],"wp:featuredmedia":[{"embeddable":true,"href":"https:\/\/hyundaishop.eu\/fr\/wp-json\/wp\/v2\/media\/4588"}],"wp:attachment":[{"href":"https:\/\/hyundaishop.eu\/fr\/wp-json\/wp\/v2\/media?parent=4403"}],"wp:term":[{"taxonomy":"product_brand","embeddable":true,"href":"https:\/\/hyundaishop.eu\/fr\/wp-json\/wp\/v2\/product_brand?post=4403"},{"taxonomy":"product_cat","embeddable":true,"href":"https:\/\/hyundaishop.eu\/fr\/wp-json\/wp\/v2\/product_cat?post=4403"},{"taxonomy":"product_tag","embeddable":true,"href":"https:\/\/hyundaishop.eu\/fr\/wp-json\/wp\/v2\/product_tag?post=4403"}],"curies":[{"name":"wp","href":"https:\/\/api.w.org\/{rel}","templated":true}]}}