{"id":4402,"date":"2024-10-31T13:26:13","date_gmt":"2024-10-31T13:26:13","guid":{"rendered":"https:\/\/hyundaishop.eu\/shop\/uncategorized\/scented-candle-vanilla\/"},"modified":"2026-02-23T14:12:29","modified_gmt":"2026-02-23T14:12:29","slug":"scented-candle-vanilla","status":"publish","type":"product","link":"https:\/\/hyundaishop.eu\/fr\/shop\/construction-equipment\/lifestyle\/accessories\/scented-candle-vanilla\/","title":{"rendered":"Scented candle vanilla"},"content":{"rendered":"","protected":false},"excerpt":{"rendered":"<p>D\u00e9couvrez la bougie parfum\u00e9e Hyundai \u00e0 la vanille, une bougie de 200 g en cire v\u00e9g\u00e9tale qui apporte chaleur et charme \u00e0 votre espace. Dot\u00e9e d'un parfum de vanille d\u00e9licieux, elle est pr\u00e9sent\u00e9e dans un \u00e9l\u00e9gant r\u00e9cipient en verre avec des galets et une m\u00e8che en bois. Profitez d'un temps de combustion d'environ 20 heures, id\u00e9al pour cr\u00e9er une ambiance chaleureuse.<\/p>","protected":false},"featured_media":4589,"comment_status":"open","ping_status":"closed","template":"","meta":{"_acf_changed":false},"product_brand":[],"product_cat":[175,199,20],"product_tag":[204],"class_list":{"0":"post-4402","1":"product","2":"type-product","3":"status-publish","4":"has-post-thumbnail","6":"product_cat-accessories","7":"product_cat-construction-equipment","8":"product_cat-lifestyle","9":"product_tag-seasonal","11":"first","12":"instock","13":"taxable","14":"shipping-taxable","15":"purchasable","16":"product-type-simple"},"acf":[],"_links":{"self":[{"href":"https:\/\/hyundaishop.eu\/fr\/wp-json\/wp\/v2\/product\/4402","targetHints":{"allow":["GET"]}}],"collection":[{"href":"https:\/\/hyundaishop.eu\/fr\/wp-json\/wp\/v2\/product"}],"about":[{"href":"https:\/\/hyundaishop.eu\/fr\/wp-json\/wp\/v2\/types\/product"}],"replies":[{"embeddable":true,"href":"https:\/\/hyundaishop.eu\/fr\/wp-json\/wp\/v2\/comments?post=4402"}],"wp:featuredmedia":[{"embeddable":true,"href":"https:\/\/hyundaishop.eu\/fr\/wp-json\/wp\/v2\/media\/4589"}],"wp:attachment":[{"href":"https:\/\/hyundaishop.eu\/fr\/wp-json\/wp\/v2\/media?parent=4402"}],"wp:term":[{"taxonomy":"product_brand","embeddable":true,"href":"https:\/\/hyundaishop.eu\/fr\/wp-json\/wp\/v2\/product_brand?post=4402"},{"taxonomy":"product_cat","embeddable":true,"href":"https:\/\/hyundaishop.eu\/fr\/wp-json\/wp\/v2\/product_cat?post=4402"},{"taxonomy":"product_tag","embeddable":true,"href":"https:\/\/hyundaishop.eu\/fr\/wp-json\/wp\/v2\/product_tag?post=4402"}],"curies":[{"name":"wp","href":"https:\/\/api.w.org\/{rel}","templated":true}]}}