{"id":4253,"date":"2024-10-04T13:58:09","date_gmt":"2024-10-04T13:58:09","guid":{"rendered":"https:\/\/hyundaishop.eu\/shop\/uncategorized\/t-shirt-kids\/"},"modified":"2026-04-09T08:43:38","modified_gmt":"2026-04-09T08:43:38","slug":"t-shirt-kids","status":"publish","type":"product","link":"https:\/\/hyundaishop.eu\/fr\/shop\/construction-equipment\/clothing\/tshirts-shirts\/t-shirt-kids\/","title":{"rendered":"T-shirt Kids"},"content":{"rendered":"","protected":false},"excerpt":{"rendered":"<p>Le T-shirt Hyundai pour enfants est un mod\u00e8le classique avec un col rond et des finitions en c\u00f4te \u00e0 quatre couches, compl\u00e9t\u00e9 par des bandes au niveau du cou et des \u00e9paules pour une durabilit\u00e9 accrue. Pr\u00e9-r\u00e9tr\u00e9ci pour assurer une stabilit\u00e9 et une coupe durable, ce T-shirt garantit confort et long\u00e9vit\u00e9. Il arbore le logo Hyundai accompagn\u00e9 d'images de mod\u00e8les Hyundai, alliant style et praticit\u00e9 pour une utilisation quotidienne.<\/p>","protected":false},"featured_media":4257,"comment_status":"open","ping_status":"closed","template":"","meta":{"_acf_changed":false},"product_brand":[],"product_cat":[198,18,199,35],"product_tag":[],"class_list":{"0":"post-4253","1":"product","2":"type-product","3":"status-publish","4":"has-post-thumbnail","6":"product_cat-bauma-uniform","7":"product_cat-clothing","8":"product_cat-construction-equipment","9":"product_cat-tshirts-shirts","11":"first","12":"instock","13":"taxable","14":"shipping-taxable","15":"purchasable","16":"product-type-variable"},"acf":[],"_links":{"self":[{"href":"https:\/\/hyundaishop.eu\/fr\/wp-json\/wp\/v2\/product\/4253","targetHints":{"allow":["GET"]}}],"collection":[{"href":"https:\/\/hyundaishop.eu\/fr\/wp-json\/wp\/v2\/product"}],"about":[{"href":"https:\/\/hyundaishop.eu\/fr\/wp-json\/wp\/v2\/types\/product"}],"replies":[{"embeddable":true,"href":"https:\/\/hyundaishop.eu\/fr\/wp-json\/wp\/v2\/comments?post=4253"}],"wp:featuredmedia":[{"embeddable":true,"href":"https:\/\/hyundaishop.eu\/fr\/wp-json\/wp\/v2\/media\/4257"}],"wp:attachment":[{"href":"https:\/\/hyundaishop.eu\/fr\/wp-json\/wp\/v2\/media?parent=4253"}],"wp:term":[{"taxonomy":"product_brand","embeddable":true,"href":"https:\/\/hyundaishop.eu\/fr\/wp-json\/wp\/v2\/product_brand?post=4253"},{"taxonomy":"product_cat","embeddable":true,"href":"https:\/\/hyundaishop.eu\/fr\/wp-json\/wp\/v2\/product_cat?post=4253"},{"taxonomy":"product_tag","embeddable":true,"href":"https:\/\/hyundaishop.eu\/fr\/wp-json\/wp\/v2\/product_tag?post=4253"}],"curies":[{"name":"wp","href":"https:\/\/api.w.org\/{rel}","templated":true}]}}