{"id":4231,"date":"2024-10-04T13:27:10","date_gmt":"2024-10-04T13:27:10","guid":{"rendered":"https:\/\/hyundaishop.eu\/shop\/uncategorized\/womens-business-shirt-white\/"},"modified":"2026-03-19T07:13:43","modified_gmt":"2026-03-19T07:13:43","slug":"womens-business-shirt-white","status":"publish","type":"product","link":"https:\/\/hyundaishop.eu\/fr\/shop\/construction-equipment\/clothing\/tshirts-shirts\/womens-business-shirt-white\/","title":{"rendered":"Chemise d'affaires pour femmes, blanc"},"content":{"rendered":"","protected":false},"excerpt":{"rendered":"<p>Notre chemise business pour femme en blanc est con\u00e7ue pour la professionnelle moderne. Dot\u00e9e d'un col New York et d'une coupe moderne, cette chemise allie style intemporel et allure ajust\u00e9e. Confectionn\u00e9e dans un m\u00e9lange premium de 63 % coton, 34 % polyester et 3 % stretch, elle assure confort et flexibilit\u00e9 tout au long de la journ\u00e9e.<\/p>","protected":false},"featured_media":5079,"comment_status":"open","ping_status":"closed","template":"","meta":{"_acf_changed":false},"product_brand":[],"product_cat":[18,199,35],"product_tag":[],"class_list":{"0":"post-4231","1":"product","2":"type-product","3":"status-publish","4":"has-post-thumbnail","6":"product_cat-clothing","7":"product_cat-construction-equipment","8":"product_cat-tshirts-shirts","10":"first","11":"instock","12":"taxable","13":"shipping-taxable","14":"purchasable","15":"product-type-variable"},"acf":[],"_links":{"self":[{"href":"https:\/\/hyundaishop.eu\/fr\/wp-json\/wp\/v2\/product\/4231","targetHints":{"allow":["GET"]}}],"collection":[{"href":"https:\/\/hyundaishop.eu\/fr\/wp-json\/wp\/v2\/product"}],"about":[{"href":"https:\/\/hyundaishop.eu\/fr\/wp-json\/wp\/v2\/types\/product"}],"replies":[{"embeddable":true,"href":"https:\/\/hyundaishop.eu\/fr\/wp-json\/wp\/v2\/comments?post=4231"}],"wp:featuredmedia":[{"embeddable":true,"href":"https:\/\/hyundaishop.eu\/fr\/wp-json\/wp\/v2\/media\/5079"}],"wp:attachment":[{"href":"https:\/\/hyundaishop.eu\/fr\/wp-json\/wp\/v2\/media?parent=4231"}],"wp:term":[{"taxonomy":"product_brand","embeddable":true,"href":"https:\/\/hyundaishop.eu\/fr\/wp-json\/wp\/v2\/product_brand?post=4231"},{"taxonomy":"product_cat","embeddable":true,"href":"https:\/\/hyundaishop.eu\/fr\/wp-json\/wp\/v2\/product_cat?post=4231"},{"taxonomy":"product_tag","embeddable":true,"href":"https:\/\/hyundaishop.eu\/fr\/wp-json\/wp\/v2\/product_tag?post=4231"}],"curies":[{"name":"wp","href":"https:\/\/api.w.org\/{rel}","templated":true}]}}