{"id":4225,"date":"2024-10-04T12:47:21","date_gmt":"2024-10-04T12:47:21","guid":{"rendered":"https:\/\/hyundaishop.eu\/shop\/uncategorized\/banner-flag-1x4-blue\/"},"modified":"2026-04-28T15:06:17","modified_gmt":"2026-04-28T15:06:17","slug":"banner-flag-100x400cm-blue","status":"publish","type":"product","link":"https:\/\/hyundaishop.eu\/fr\/shop\/uncategorized\/banner-flag-100x400cm-blue\/","title":{"rendered":"Banner Flag 100x400cm  Blue"},"content":{"rendered":"","protected":false},"excerpt":{"rendered":"<p>Assurez une visibilit\u00e9 maximale et une apparence professionnelle avec le drapeau banni\u00e8re Hyundai bleu au format 1x4 m\u00e8tres. Ce banni\u00e8re \u00e9l\u00e9gant, bleu, arborant le logo embl\u00e9matique de Hyundai est id\u00e9al pour cr\u00e9er une forte pr\u00e9sence de marque, \u00e0 l'int\u00e9rieur comme \u00e0 l'ext\u00e9rieur.<\/p>","protected":false},"featured_media":5596,"comment_status":"open","ping_status":"closed","template":"","meta":{"_acf_changed":false},"product_brand":[],"product_cat":[],"product_tag":[205],"class_list":{"0":"post-4225","1":"product","2":"type-product","3":"status-publish","4":"has-post-thumbnail","6":"product_tag-exclusive","8":"first","9":"instock","10":"taxable","11":"shipping-taxable","12":"purchasable","13":"product-type-simple"},"acf":[],"_links":{"self":[{"href":"https:\/\/hyundaishop.eu\/fr\/wp-json\/wp\/v2\/product\/4225","targetHints":{"allow":["GET"]}}],"collection":[{"href":"https:\/\/hyundaishop.eu\/fr\/wp-json\/wp\/v2\/product"}],"about":[{"href":"https:\/\/hyundaishop.eu\/fr\/wp-json\/wp\/v2\/types\/product"}],"replies":[{"embeddable":true,"href":"https:\/\/hyundaishop.eu\/fr\/wp-json\/wp\/v2\/comments?post=4225"}],"wp:featuredmedia":[{"embeddable":true,"href":"https:\/\/hyundaishop.eu\/fr\/wp-json\/wp\/v2\/media\/5596"}],"wp:attachment":[{"href":"https:\/\/hyundaishop.eu\/fr\/wp-json\/wp\/v2\/media?parent=4225"}],"wp:term":[{"taxonomy":"product_brand","embeddable":true,"href":"https:\/\/hyundaishop.eu\/fr\/wp-json\/wp\/v2\/product_brand?post=4225"},{"taxonomy":"product_cat","embeddable":true,"href":"https:\/\/hyundaishop.eu\/fr\/wp-json\/wp\/v2\/product_cat?post=4225"},{"taxonomy":"product_tag","embeddable":true,"href":"https:\/\/hyundaishop.eu\/fr\/wp-json\/wp\/v2\/product_tag?post=4225"}],"curies":[{"name":"wp","href":"https:\/\/api.w.org\/{rel}","templated":true}]}}