{"id":3931,"date":"2024-08-22T11:32:45","date_gmt":"2024-08-22T11:32:45","guid":{"rendered":"https:\/\/hyundaishop.eu\/shop\/uncategorized\/golf-balls-set-van-3-titleist-pro-v\/"},"modified":"2025-11-03T12:10:45","modified_gmt":"2025-11-03T12:10:45","slug":"set-of-3-titleist-pro-v-golf-balls","status":"publish","type":"product","link":"https:\/\/hyundaishop.eu\/fr\/shop\/construction-equipment\/lifestyle\/accessories\/set-of-3-titleist-pro-v-golf-balls\/","title":{"rendered":"Set of 3 Titleist Pro V Golf Balls"},"content":{"rendered":"","protected":false},"excerpt":{"rendered":"<p>D\u00e9couvrez les performances d'\u00e9lite de Titleist, une marque leader r\u00e9put\u00e9e pour ses balles de golf haut de gamme. Le mod\u00e8le Pro V1 est c\u00e9l\u00e9br\u00e9 pour sa pr\u00e9cision et sa coh\u00e9rence exceptionnelles, d\u00e9sormais rehauss\u00e9es du logo Hyundai.<\/p>","protected":false},"featured_media":3936,"comment_status":"open","ping_status":"closed","template":"","meta":{"_acf_changed":false},"product_brand":[],"product_cat":[175,199,20],"product_tag":[],"class_list":{"0":"post-3931","1":"product","2":"type-product","3":"status-publish","4":"has-post-thumbnail","6":"product_cat-accessories","7":"product_cat-construction-equipment","8":"product_cat-lifestyle","10":"first","11":"onbackorder","12":"taxable","13":"shipping-taxable","14":"purchasable","15":"product-type-simple"},"acf":[],"_links":{"self":[{"href":"https:\/\/hyundaishop.eu\/fr\/wp-json\/wp\/v2\/product\/3931","targetHints":{"allow":["GET"]}}],"collection":[{"href":"https:\/\/hyundaishop.eu\/fr\/wp-json\/wp\/v2\/product"}],"about":[{"href":"https:\/\/hyundaishop.eu\/fr\/wp-json\/wp\/v2\/types\/product"}],"replies":[{"embeddable":true,"href":"https:\/\/hyundaishop.eu\/fr\/wp-json\/wp\/v2\/comments?post=3931"}],"wp:featuredmedia":[{"embeddable":true,"href":"https:\/\/hyundaishop.eu\/fr\/wp-json\/wp\/v2\/media\/3936"}],"wp:attachment":[{"href":"https:\/\/hyundaishop.eu\/fr\/wp-json\/wp\/v2\/media?parent=3931"}],"wp:term":[{"taxonomy":"product_brand","embeddable":true,"href":"https:\/\/hyundaishop.eu\/fr\/wp-json\/wp\/v2\/product_brand?post=3931"},{"taxonomy":"product_cat","embeddable":true,"href":"https:\/\/hyundaishop.eu\/fr\/wp-json\/wp\/v2\/product_cat?post=3931"},{"taxonomy":"product_tag","embeddable":true,"href":"https:\/\/hyundaishop.eu\/fr\/wp-json\/wp\/v2\/product_tag?post=3931"}],"curies":[{"name":"wp","href":"https:\/\/api.w.org\/{rel}","templated":true}]}}