{"id":3899,"date":"2024-08-21T14:46:04","date_gmt":"2024-08-21T14:46:04","guid":{"rendered":"https:\/\/hyundaishop.eu\/shop\/uncategorized\/safety-vest-yellow\/"},"modified":"2026-04-13T13:23:31","modified_gmt":"2026-04-13T13:23:31","slug":"safety-vest-yellow","status":"publish","type":"product","link":"https:\/\/hyundaishop.eu\/fr\/shop\/construction-equipment\/clothing\/safety-vest-yellow\/","title":{"rendered":"Safety Vest Yellow"},"content":{"rendered":"","protected":false},"excerpt":{"rendered":"<p>Ce gilet de s\u00e9curit\u00e9 haute visibilit\u00e9 assure une visibilit\u00e9 et une s\u00e9curit\u00e9 maximales sur le chantier ou lors d'activit\u00e9s de plein air. Fabriqu\u00e9 dans un mat\u00e9riau respirant avec des bandes r\u00e9fl\u00e9chissantes pour une meilleure visibilit\u00e9, le gilet est \u00e0 la fois confortable et durable.<\/p>","protected":false},"featured_media":6638,"comment_status":"open","ping_status":"closed","template":"","meta":{"_acf_changed":false},"product_brand":[],"product_cat":[18],"product_tag":[],"class_list":{"0":"post-3899","1":"product","2":"type-product","3":"status-publish","4":"has-post-thumbnail","6":"product_cat-clothing","8":"first","9":"instock","10":"taxable","11":"shipping-taxable","12":"purchasable","13":"product-type-variable"},"acf":[],"_links":{"self":[{"href":"https:\/\/hyundaishop.eu\/fr\/wp-json\/wp\/v2\/product\/3899","targetHints":{"allow":["GET"]}}],"collection":[{"href":"https:\/\/hyundaishop.eu\/fr\/wp-json\/wp\/v2\/product"}],"about":[{"href":"https:\/\/hyundaishop.eu\/fr\/wp-json\/wp\/v2\/types\/product"}],"replies":[{"embeddable":true,"href":"https:\/\/hyundaishop.eu\/fr\/wp-json\/wp\/v2\/comments?post=3899"}],"wp:featuredmedia":[{"embeddable":true,"href":"https:\/\/hyundaishop.eu\/fr\/wp-json\/wp\/v2\/media\/6638"}],"wp:attachment":[{"href":"https:\/\/hyundaishop.eu\/fr\/wp-json\/wp\/v2\/media?parent=3899"}],"wp:term":[{"taxonomy":"product_brand","embeddable":true,"href":"https:\/\/hyundaishop.eu\/fr\/wp-json\/wp\/v2\/product_brand?post=3899"},{"taxonomy":"product_cat","embeddable":true,"href":"https:\/\/hyundaishop.eu\/fr\/wp-json\/wp\/v2\/product_cat?post=3899"},{"taxonomy":"product_tag","embeddable":true,"href":"https:\/\/hyundaishop.eu\/fr\/wp-json\/wp\/v2\/product_tag?post=3899"}],"curies":[{"name":"wp","href":"https:\/\/api.w.org\/{rel}","templated":true}]}}