{"id":3893,"date":"2024-08-21T14:01:32","date_gmt":"2024-08-21T14:01:32","guid":{"rendered":"https:\/\/hyundaishop.eu\/shop\/uncategorized\/sunglasses-black\/"},"modified":"2026-04-09T08:20:36","modified_gmt":"2026-04-09T08:20:36","slug":"sunglasses-black","status":"publish","type":"product","link":"https:\/\/hyundaishop.eu\/fr\/shop\/construction-equipment\/lifestyle\/bags-travel\/sunglasses-black\/","title":{"rendered":"Sunglasses Black"},"content":{"rendered":"","protected":false},"excerpt":{"rendered":"<p>Cette paire de lunettes de soleil \u00e9cologiques au design r\u00e9tro est le cadeau promotionnel id\u00e9al pour les festivals d'\u00e9t\u00e9, les \u00e9v\u00e9nements ou toute activit\u00e9 de plein air ensoleill\u00e9e. Fabriqu\u00e9es \u00e0 partir de plastique PET recycl\u00e9, ces lunettes de soleil sont l\u00e9g\u00e8res et confortables \u00e0 porter. Ils r\u00e9pondent \u00e0 la norme EN ISO 12312-1 et sont dot\u00e9s de verres UV400 class\u00e9s cat\u00e9gorie 3, offrant une excellente protection contre les rayons du soleil. Choisissez ces lunettes de soleil Hyundai pour prot\u00e9ger vos yeux de mani\u00e8re \u00e9l\u00e9gante et durable.<\/p>","protected":false},"featured_media":3914,"comment_status":"open","ping_status":"closed","template":"","meta":{"_acf_changed":false},"product_brand":[],"product_cat":[37,199,20],"product_tag":[],"class_list":{"0":"post-3893","1":"product","2":"type-product","3":"status-publish","4":"has-post-thumbnail","6":"product_cat-bags-travel","7":"product_cat-construction-equipment","8":"product_cat-lifestyle","10":"first","11":"instock","12":"taxable","13":"shipping-taxable","14":"purchasable","15":"product-type-simple"},"acf":[],"_links":{"self":[{"href":"https:\/\/hyundaishop.eu\/fr\/wp-json\/wp\/v2\/product\/3893","targetHints":{"allow":["GET"]}}],"collection":[{"href":"https:\/\/hyundaishop.eu\/fr\/wp-json\/wp\/v2\/product"}],"about":[{"href":"https:\/\/hyundaishop.eu\/fr\/wp-json\/wp\/v2\/types\/product"}],"replies":[{"embeddable":true,"href":"https:\/\/hyundaishop.eu\/fr\/wp-json\/wp\/v2\/comments?post=3893"}],"wp:featuredmedia":[{"embeddable":true,"href":"https:\/\/hyundaishop.eu\/fr\/wp-json\/wp\/v2\/media\/3914"}],"wp:attachment":[{"href":"https:\/\/hyundaishop.eu\/fr\/wp-json\/wp\/v2\/media?parent=3893"}],"wp:term":[{"taxonomy":"product_brand","embeddable":true,"href":"https:\/\/hyundaishop.eu\/fr\/wp-json\/wp\/v2\/product_brand?post=3893"},{"taxonomy":"product_cat","embeddable":true,"href":"https:\/\/hyundaishop.eu\/fr\/wp-json\/wp\/v2\/product_cat?post=3893"},{"taxonomy":"product_tag","embeddable":true,"href":"https:\/\/hyundaishop.eu\/fr\/wp-json\/wp\/v2\/product_tag?post=3893"}],"curies":[{"name":"wp","href":"https:\/\/api.w.org\/{rel}","templated":true}]}}