{"id":3781,"date":"2024-08-01T13:13:42","date_gmt":"2024-08-01T13:13:42","guid":{"rendered":"https:\/\/hyundaishop.eu\/shop\/uncategorized\/womens-mascot-gilet\/"},"modified":"2026-03-11T15:21:36","modified_gmt":"2026-03-11T15:21:36","slug":"womens-mascot-gilet","status":"publish","type":"product","link":"https:\/\/hyundaishop.eu\/fr\/shop\/construction-equipment\/clothing\/coats-jackets\/womens-mascot-gilet\/","title":{"rendered":"Women&#8217;s Mascot gilet **"},"content":{"rendered":"","protected":false},"excerpt":{"rendered":"<p>\u00b7 Visibilit\u00e9 accrue gr\u00e2ce aux r\u00e9flecteurs.<br \/>\n\u00b7 Fermeture \u00e0 glissi\u00e8re avec rabat int\u00e9rieur coupe-vent pour bloquer le vent.<br \/>\n\u00b7 Le produit supporte le lavage industriel.<br \/>\n\u00b7 Le mat\u00e9riau stretch multifonctionnel hydrofuge allie un faible poids \u00e0 une tr\u00e8s haute durabilit\u00e9.<br \/>\n\u00b7 Le mat\u00e9riau stretch ultime offre une libert\u00e9 de mouvement unique et un grand confort.<br \/>\n\u00b7 Sp\u00e9cialement con\u00e7u et adapt\u00e9 pour les femmes.<\/p>\n<p>Mascot est mondialement reconnu pour ses v\u00eatements de travail de haute qualit\u00e9. Ce gilet Mascot de marque HD Hyundai offre le meilleur en termes de confort et de fabrication. Superposez ce gilet l\u00e9ger sur votre polo de marque HD Hyundai avec la veste shell Mascot pour plus de style et de confort, quel que soit le temps.<\/p>","protected":false},"featured_media":6559,"comment_status":"open","ping_status":"closed","template":"","meta":{"_acf_changed":false},"product_brand":[],"product_cat":[18,36],"product_tag":[],"class_list":{"0":"post-3781","1":"product","2":"type-product","3":"status-publish","4":"has-post-thumbnail","6":"product_cat-clothing","7":"product_cat-coats-jackets","9":"first","10":"instock","11":"taxable","12":"shipping-taxable","13":"purchasable","14":"product-type-variable"},"acf":[],"_links":{"self":[{"href":"https:\/\/hyundaishop.eu\/fr\/wp-json\/wp\/v2\/product\/3781","targetHints":{"allow":["GET"]}}],"collection":[{"href":"https:\/\/hyundaishop.eu\/fr\/wp-json\/wp\/v2\/product"}],"about":[{"href":"https:\/\/hyundaishop.eu\/fr\/wp-json\/wp\/v2\/types\/product"}],"replies":[{"embeddable":true,"href":"https:\/\/hyundaishop.eu\/fr\/wp-json\/wp\/v2\/comments?post=3781"}],"wp:featuredmedia":[{"embeddable":true,"href":"https:\/\/hyundaishop.eu\/fr\/wp-json\/wp\/v2\/media\/6559"}],"wp:attachment":[{"href":"https:\/\/hyundaishop.eu\/fr\/wp-json\/wp\/v2\/media?parent=3781"}],"wp:term":[{"taxonomy":"product_brand","embeddable":true,"href":"https:\/\/hyundaishop.eu\/fr\/wp-json\/wp\/v2\/product_brand?post=3781"},{"taxonomy":"product_cat","embeddable":true,"href":"https:\/\/hyundaishop.eu\/fr\/wp-json\/wp\/v2\/product_cat?post=3781"},{"taxonomy":"product_tag","embeddable":true,"href":"https:\/\/hyundaishop.eu\/fr\/wp-json\/wp\/v2\/product_tag?post=3781"}],"curies":[{"name":"wp","href":"https:\/\/api.w.org\/{rel}","templated":true}]}}