{"id":3752,"date":"2024-08-01T11:18:01","date_gmt":"2024-08-01T11:18:01","guid":{"rendered":"https:\/\/hyundaishop.eu\/shop\/uncategorized\/womens-trousers-diamond-navy\/"},"modified":"2026-01-29T09:49:15","modified_gmt":"2026-01-29T09:49:15","slug":"womens-trousers-diamond-navy","status":"publish","type":"product","link":"https:\/\/hyundaishop.eu\/fr\/shop\/construction-equipment\/clothing\/trousers\/womens-trousers-diamond-navy\/","title":{"rendered":"Women&#8217;s Trousers Diamond Navy"},"content":{"rendered":"","protected":false},"excerpt":{"rendered":"<p>\u00b7 Libert\u00e9 de mouvement unique o\u00f9 rien ne semble serr\u00e9 ou irritant gr\u00e2ce aux propri\u00e9t\u00e9s de son stretch quatre directions fonctionnel.<br \/>\n\u00b7 L\u00e9ger, haute durabilit\u00e9 et finition hydrofuge.<br \/>\n\u00b7 La coupe Diamond est sp\u00e9cialement con\u00e7ue pour les femmes avec une diff\u00e9rence de plus de 20 centim\u00e8tres entre les mesures de leur taille et de leurs hanches.<\/p>\n<p>Mascot est mondialement reconnu pour ses v\u00eatements de travail de haute qualit\u00e9, et ce pantalon ne fait pas exception, offrant le meilleur en termes de confort et de fabrication. Associez-le \u00e0 l'un de nos polos de marque HD Hyundai et \u00e0 une veste shell Mascot pour une tenue \u00e9l\u00e9gante et confortable par temps frais.<\/p>","protected":false},"featured_media":3748,"comment_status":"open","ping_status":"closed","template":"","meta":{"_acf_changed":false},"product_brand":[],"product_cat":[18,131],"product_tag":[],"class_list":{"0":"post-3752","1":"product","2":"type-product","3":"status-publish","4":"has-post-thumbnail","6":"product_cat-clothing","7":"product_cat-trousers","9":"first","10":"instock","11":"taxable","12":"shipping-taxable","13":"purchasable","14":"product-type-variable"},"acf":[],"_links":{"self":[{"href":"https:\/\/hyundaishop.eu\/fr\/wp-json\/wp\/v2\/product\/3752","targetHints":{"allow":["GET"]}}],"collection":[{"href":"https:\/\/hyundaishop.eu\/fr\/wp-json\/wp\/v2\/product"}],"about":[{"href":"https:\/\/hyundaishop.eu\/fr\/wp-json\/wp\/v2\/types\/product"}],"replies":[{"embeddable":true,"href":"https:\/\/hyundaishop.eu\/fr\/wp-json\/wp\/v2\/comments?post=3752"}],"wp:featuredmedia":[{"embeddable":true,"href":"https:\/\/hyundaishop.eu\/fr\/wp-json\/wp\/v2\/media\/3748"}],"wp:attachment":[{"href":"https:\/\/hyundaishop.eu\/fr\/wp-json\/wp\/v2\/media?parent=3752"}],"wp:term":[{"taxonomy":"product_brand","embeddable":true,"href":"https:\/\/hyundaishop.eu\/fr\/wp-json\/wp\/v2\/product_brand?post=3752"},{"taxonomy":"product_cat","embeddable":true,"href":"https:\/\/hyundaishop.eu\/fr\/wp-json\/wp\/v2\/product_cat?post=3752"},{"taxonomy":"product_tag","embeddable":true,"href":"https:\/\/hyundaishop.eu\/fr\/wp-json\/wp\/v2\/product_tag?post=3752"}],"curies":[{"name":"wp","href":"https:\/\/api.w.org\/{rel}","templated":true}]}}