{"id":3697,"date":"2024-08-01T08:46:36","date_gmt":"2024-08-01T08:46:36","guid":{"rendered":"https:\/\/hyundaishop.eu\/shop\/uncategorized\/mens-trouser-navy-82c\/"},"modified":"2026-04-14T14:53:35","modified_gmt":"2026-04-14T14:53:35","slug":"mens-trousers-navy","status":"publish","type":"product","link":"https:\/\/hyundaishop.eu\/fr\/shop\/construction-equipment\/clothing\/trousers\/mens-trousers-navy\/","title":{"rendered":"Men&#8217;s Trousers Navy"},"content":{"rendered":"","protected":false},"excerpt":{"rendered":"<p>\u00b7 Libert\u00e9 de mouvement unique o\u00f9 rien ne semble serr\u00e9 ou irritant gr\u00e2ce aux propri\u00e9t\u00e9s de son stretch quatre directions fonctionnel.<br \/>\n\u00b7 L\u00e9ger, haute durabilit\u00e9 et finition hydrofuge.<br \/>\n\u00b7 Le pantalon suivra toujours les mouvements de votre corps gr\u00e2ce \u00e0 sa taille basse et \u00e0 sa ceinture ajust\u00e9e.<\/p>\n<p>Mascot est mondialement reconnu pour ses v\u00eatements de travail de haute qualit\u00e9, et ce pantalon ne fait pas exception, offrant le meilleur en termes de confort et de fabrication. Associez-le \u00e0 l'un de nos polos de marque HD Hyundai et \u00e0 une veste shell Mascot pour une tenue \u00e9l\u00e9gante et confortable par temps frais.<\/p>","protected":false},"featured_media":3507,"comment_status":"open","ping_status":"closed","template":"","meta":{"_acf_changed":false},"product_brand":[],"product_cat":[18,131],"product_tag":[],"class_list":{"0":"post-3697","1":"product","2":"type-product","3":"status-publish","4":"has-post-thumbnail","6":"product_cat-clothing","7":"product_cat-trousers","9":"first","10":"instock","11":"taxable","12":"shipping-taxable","13":"purchasable","14":"product-type-variable"},"acf":[],"_links":{"self":[{"href":"https:\/\/hyundaishop.eu\/fr\/wp-json\/wp\/v2\/product\/3697","targetHints":{"allow":["GET"]}}],"collection":[{"href":"https:\/\/hyundaishop.eu\/fr\/wp-json\/wp\/v2\/product"}],"about":[{"href":"https:\/\/hyundaishop.eu\/fr\/wp-json\/wp\/v2\/types\/product"}],"replies":[{"embeddable":true,"href":"https:\/\/hyundaishop.eu\/fr\/wp-json\/wp\/v2\/comments?post=3697"}],"wp:featuredmedia":[{"embeddable":true,"href":"https:\/\/hyundaishop.eu\/fr\/wp-json\/wp\/v2\/media\/3507"}],"wp:attachment":[{"href":"https:\/\/hyundaishop.eu\/fr\/wp-json\/wp\/v2\/media?parent=3697"}],"wp:term":[{"taxonomy":"product_brand","embeddable":true,"href":"https:\/\/hyundaishop.eu\/fr\/wp-json\/wp\/v2\/product_brand?post=3697"},{"taxonomy":"product_cat","embeddable":true,"href":"https:\/\/hyundaishop.eu\/fr\/wp-json\/wp\/v2\/product_cat?post=3697"},{"taxonomy":"product_tag","embeddable":true,"href":"https:\/\/hyundaishop.eu\/fr\/wp-json\/wp\/v2\/product_tag?post=3697"}],"curies":[{"name":"wp","href":"https:\/\/api.w.org\/{rel}","templated":true}]}}