{"id":3436,"date":"2024-07-10T08:04:57","date_gmt":"2024-07-10T08:04:57","guid":{"rendered":"https:\/\/hyundaishop.eu\/shop\/uncategorized\/water-bottle\/"},"modified":"2026-04-09T12:41:20","modified_gmt":"2026-04-09T12:41:20","slug":"water-bottle","status":"publish","type":"product","link":"https:\/\/hyundaishop.eu\/fr\/shop\/construction-equipment\/lifestyle\/drinkware\/water-bottle\/","title":{"rendered":"Water Bottle"},"content":{"rendered":"","protected":false},"excerpt":{"rendered":"<p>Cette bouteille d'eau Hyundai \u00e9tanche allie parfaitement style et fonctionnalit\u00e9. Avec une capacit\u00e9 de 620 ml, elle vous assure de rester hydrat\u00e9 tout au long de la journ\u00e9e. Le couvercle \u00e0 vis pr\u00e9sente une belle finition m\u00e9tallique qui compl\u00e8te le corps de couleur assortie, la rendant aussi \u00e9l\u00e9gante que pratique. Con\u00e7ue uniquement pour l'eau froide, cette bouteille sans BPA est \u00e0 la fois s\u00fbre et pratique pour une utilisation quotidienne.<\/p>","protected":false},"featured_media":3880,"comment_status":"open","ping_status":"closed","template":"","meta":{"_acf_changed":false},"product_brand":[],"product_cat":[199,38,20],"product_tag":[],"class_list":{"0":"post-3436","1":"product","2":"type-product","3":"status-publish","4":"has-post-thumbnail","6":"product_cat-construction-equipment","7":"product_cat-drinkware","8":"product_cat-lifestyle","10":"first","11":"instock","12":"taxable","13":"shipping-taxable","14":"purchasable","15":"product-type-simple"},"acf":[],"_links":{"self":[{"href":"https:\/\/hyundaishop.eu\/fr\/wp-json\/wp\/v2\/product\/3436","targetHints":{"allow":["GET"]}}],"collection":[{"href":"https:\/\/hyundaishop.eu\/fr\/wp-json\/wp\/v2\/product"}],"about":[{"href":"https:\/\/hyundaishop.eu\/fr\/wp-json\/wp\/v2\/types\/product"}],"replies":[{"embeddable":true,"href":"https:\/\/hyundaishop.eu\/fr\/wp-json\/wp\/v2\/comments?post=3436"}],"wp:featuredmedia":[{"embeddable":true,"href":"https:\/\/hyundaishop.eu\/fr\/wp-json\/wp\/v2\/media\/3880"}],"wp:attachment":[{"href":"https:\/\/hyundaishop.eu\/fr\/wp-json\/wp\/v2\/media?parent=3436"}],"wp:term":[{"taxonomy":"product_brand","embeddable":true,"href":"https:\/\/hyundaishop.eu\/fr\/wp-json\/wp\/v2\/product_brand?post=3436"},{"taxonomy":"product_cat","embeddable":true,"href":"https:\/\/hyundaishop.eu\/fr\/wp-json\/wp\/v2\/product_cat?post=3436"},{"taxonomy":"product_tag","embeddable":true,"href":"https:\/\/hyundaishop.eu\/fr\/wp-json\/wp\/v2\/product_tag?post=3436"}],"curies":[{"name":"wp","href":"https:\/\/api.w.org\/{rel}","templated":true}]}}