{"id":3414,"date":"2024-07-10T07:56:50","date_gmt":"2024-07-10T07:56:50","guid":{"rendered":"https:\/\/hyundaishop.eu\/shop\/uncategorized\/pen-gift-set\/"},"modified":"2026-04-09T08:20:28","modified_gmt":"2026-04-09T08:20:28","slug":"pen-gift-set","status":"publish","type":"product","link":"https:\/\/hyundaishop.eu\/fr\/shop\/construction-equipment\/lifestyle\/office\/pen-gift-set\/","title":{"rendered":"Pen Gift Set"},"content":{"rendered":"","protected":false},"excerpt":{"rendered":"<p>Ce set de stylos exquis, comprenant un stylo \u00e0 bille et un crayon, est r\u00e9put\u00e9 pour sa qualit\u00e9 et son \u00e9l\u00e9gance. Le stylo \u00e0 bille est \u00e9quip\u00e9 d'une recharge d'\u00e9criture de 1200m utilisant une encre allemande de premi\u00e8re qualit\u00e9, assurant une performance fluide et fiable. Le crayon inclut trois mines de 0,7mm, offrant pr\u00e9cision et durabilit\u00e9 pour tous vos besoins d'\u00e9criture. Pr\u00e9sent\u00e9 dans un luxueux coffret cadeau Swiss Peak, ce set constitue un cadeau id\u00e9al pour toute occasion.<\/p>","protected":false},"featured_media":3415,"comment_status":"open","ping_status":"closed","template":"","meta":{"_acf_changed":false},"product_brand":[],"product_cat":[177,199,20,39],"product_tag":[204],"class_list":{"0":"post-3414","1":"product","2":"type-product","3":"status-publish","4":"has-post-thumbnail","6":"product_cat-black-friday","7":"product_cat-construction-equipment","8":"product_cat-lifestyle","9":"product_cat-office","10":"product_tag-seasonal","12":"first","13":"instock","14":"taxable","15":"shipping-taxable","16":"purchasable","17":"product-type-simple"},"acf":[],"_links":{"self":[{"href":"https:\/\/hyundaishop.eu\/fr\/wp-json\/wp\/v2\/product\/3414","targetHints":{"allow":["GET"]}}],"collection":[{"href":"https:\/\/hyundaishop.eu\/fr\/wp-json\/wp\/v2\/product"}],"about":[{"href":"https:\/\/hyundaishop.eu\/fr\/wp-json\/wp\/v2\/types\/product"}],"replies":[{"embeddable":true,"href":"https:\/\/hyundaishop.eu\/fr\/wp-json\/wp\/v2\/comments?post=3414"}],"wp:featuredmedia":[{"embeddable":true,"href":"https:\/\/hyundaishop.eu\/fr\/wp-json\/wp\/v2\/media\/3415"}],"wp:attachment":[{"href":"https:\/\/hyundaishop.eu\/fr\/wp-json\/wp\/v2\/media?parent=3414"}],"wp:term":[{"taxonomy":"product_brand","embeddable":true,"href":"https:\/\/hyundaishop.eu\/fr\/wp-json\/wp\/v2\/product_brand?post=3414"},{"taxonomy":"product_cat","embeddable":true,"href":"https:\/\/hyundaishop.eu\/fr\/wp-json\/wp\/v2\/product_cat?post=3414"},{"taxonomy":"product_tag","embeddable":true,"href":"https:\/\/hyundaishop.eu\/fr\/wp-json\/wp\/v2\/product_tag?post=3414"}],"curies":[{"name":"wp","href":"https:\/\/api.w.org\/{rel}","templated":true}]}}