{"id":3403,"date":"2024-11-10T07:54:10","date_gmt":"2024-11-10T07:54:10","guid":{"rendered":"https:\/\/hyundaishop.eu\/shop\/uncategorized\/mug-vintage\/"},"modified":"2026-04-09T08:20:14","modified_gmt":"2026-04-09T08:20:14","slug":"mug-vintage","status":"publish","type":"product","link":"https:\/\/hyundaishop.eu\/fr\/shop\/construction-equipment\/lifestyle\/drinkware\/mug-vintage\/","title":{"rendered":"Mug vintage"},"content":{"rendered":"","protected":false},"excerpt":{"rendered":"<p>Cette \u00e9l\u00e9gante tasse Hyundai en bleu marine, fabriqu\u00e9e en c\u00e9ramique de haute qualit\u00e9, assure durabilit\u00e9 et utilisation durable. Son look vintage ajoute une touche unique \u00e0 vos moments caf\u00e9, tandis que la poign\u00e9e incurv\u00e9e offre une prise en main confortable. De plus, cette tasse est lavable au lave-vaisselle conform\u00e9ment \u00e0 la norme EN12875-1, ce qui signifie qu'elle r\u00e9siste \u00e0 au moins 125 cycles de lavage sans perdre sa d\u00e9coration.<\/p>","protected":false},"featured_media":5964,"comment_status":"open","ping_status":"closed","template":"","meta":{"_acf_changed":false},"product_brand":[],"product_cat":[177,199,38,20],"product_tag":[],"class_list":{"0":"post-3403","1":"product","2":"type-product","3":"status-publish","4":"has-post-thumbnail","6":"product_cat-black-friday","7":"product_cat-construction-equipment","8":"product_cat-drinkware","9":"product_cat-lifestyle","11":"first","12":"instock","13":"taxable","14":"shipping-taxable","15":"purchasable","16":"product-type-simple"},"acf":[],"_links":{"self":[{"href":"https:\/\/hyundaishop.eu\/fr\/wp-json\/wp\/v2\/product\/3403","targetHints":{"allow":["GET"]}}],"collection":[{"href":"https:\/\/hyundaishop.eu\/fr\/wp-json\/wp\/v2\/product"}],"about":[{"href":"https:\/\/hyundaishop.eu\/fr\/wp-json\/wp\/v2\/types\/product"}],"replies":[{"embeddable":true,"href":"https:\/\/hyundaishop.eu\/fr\/wp-json\/wp\/v2\/comments?post=3403"}],"wp:featuredmedia":[{"embeddable":true,"href":"https:\/\/hyundaishop.eu\/fr\/wp-json\/wp\/v2\/media\/5964"}],"wp:attachment":[{"href":"https:\/\/hyundaishop.eu\/fr\/wp-json\/wp\/v2\/media?parent=3403"}],"wp:term":[{"taxonomy":"product_brand","embeddable":true,"href":"https:\/\/hyundaishop.eu\/fr\/wp-json\/wp\/v2\/product_brand?post=3403"},{"taxonomy":"product_cat","embeddable":true,"href":"https:\/\/hyundaishop.eu\/fr\/wp-json\/wp\/v2\/product_cat?post=3403"},{"taxonomy":"product_tag","embeddable":true,"href":"https:\/\/hyundaishop.eu\/fr\/wp-json\/wp\/v2\/product_tag?post=3403"}],"curies":[{"name":"wp","href":"https:\/\/api.w.org\/{rel}","templated":true}]}}