{"id":2793,"date":"2024-06-04T13:11:35","date_gmt":"2024-06-04T13:11:35","guid":{"rendered":"https:\/\/hyundaishop.eu\/shop\/uncategorized\/roll-up-banner-85x200-a\/"},"modified":"2026-04-08T14:24:11","modified_gmt":"2026-04-08T14:24:11","slug":"roll-up-banner-85x200cm-a","status":"publish","type":"product","link":"https:\/\/hyundaishop.eu\/fr\/shop\/uncategorized\/roll-up-banner-85x200cm-a\/","title":{"rendered":"Roll up Banner (85x200cm) A"},"content":{"rendered":"","protected":false},"excerpt":{"rendered":"<p>Notre Roll-Up Banner de 85x200cm est une solution d'affichage \u00e9l\u00e9gante et portable con\u00e7ue pour faire ressortir votre message. Parfait pour les salons professionnels, les \u00e9v\u00e9nements ou les espaces de vente, cette banni\u00e8re combine une taille compacte avec des visuels percutants. Pr\u00e9sentant des photographies impressionnantes de machines Hyundai, c'est une solution d'affichage pratique et impactante qui attire l'attention. Facile \u00e0 monter et \u00e0 d\u00e9monter, cette banni\u00e8re d\u00e9roulante offre praticit\u00e9 sans compromettre la visibilit\u00e9.<\/p>","protected":false},"featured_media":5592,"comment_status":"open","ping_status":"closed","template":"","meta":{"_acf_changed":false},"product_brand":[],"product_cat":[],"product_tag":[205],"class_list":{"0":"post-2793","1":"product","2":"type-product","3":"status-publish","4":"has-post-thumbnail","6":"product_tag-exclusive","8":"first","9":"onbackorder","10":"taxable","11":"shipping-taxable","12":"purchasable","13":"product-type-simple"},"acf":[],"_links":{"self":[{"href":"https:\/\/hyundaishop.eu\/fr\/wp-json\/wp\/v2\/product\/2793","targetHints":{"allow":["GET"]}}],"collection":[{"href":"https:\/\/hyundaishop.eu\/fr\/wp-json\/wp\/v2\/product"}],"about":[{"href":"https:\/\/hyundaishop.eu\/fr\/wp-json\/wp\/v2\/types\/product"}],"replies":[{"embeddable":true,"href":"https:\/\/hyundaishop.eu\/fr\/wp-json\/wp\/v2\/comments?post=2793"}],"wp:featuredmedia":[{"embeddable":true,"href":"https:\/\/hyundaishop.eu\/fr\/wp-json\/wp\/v2\/media\/5592"}],"wp:attachment":[{"href":"https:\/\/hyundaishop.eu\/fr\/wp-json\/wp\/v2\/media?parent=2793"}],"wp:term":[{"taxonomy":"product_brand","embeddable":true,"href":"https:\/\/hyundaishop.eu\/fr\/wp-json\/wp\/v2\/product_brand?post=2793"},{"taxonomy":"product_cat","embeddable":true,"href":"https:\/\/hyundaishop.eu\/fr\/wp-json\/wp\/v2\/product_cat?post=2793"},{"taxonomy":"product_tag","embeddable":true,"href":"https:\/\/hyundaishop.eu\/fr\/wp-json\/wp\/v2\/product_tag?post=2793"}],"curies":[{"name":"wp","href":"https:\/\/api.w.org\/{rel}","templated":true}]}}