{"id":2792,"date":"2024-06-04T13:11:30","date_gmt":"2024-06-04T13:11:30","guid":{"rendered":"https:\/\/hyundaishop.eu\/shop\/uncategorized\/set-a2-posters-5-x-3mm-dibond-incl-pl\/"},"modified":"2026-04-08T14:24:13","modified_gmt":"2026-04-08T14:24:13","slug":"set-a2-posters-5-pcs-x-3mm-dibond","status":"publish","type":"product","link":"https:\/\/hyundaishop.eu\/fr\/shop\/uncategorized\/set-a2-posters-5-pcs-x-3mm-dibond\/","title":{"rendered":"Set A2 Posters \/ 5 pcs x 3mm dibond"},"content":{"rendered":"","protected":false},"excerpt":{"rendered":"<p>Sublimez votre environnement avec nos affiches Dibond, pr\u00e9sentant des images captivantes de machines Hyundai en action dynamique. Fabriqu\u00e9es \u00e0 partir de mat\u00e9riau Dibond de 3mm de haute qualit\u00e9, ces affiches offrent \u00e0 la fois durabilit\u00e9 et une finition \u00e9l\u00e9gante et moderne. Les crochets adh\u00e9sifs inclus assurent une installation sans tracas, vous permettant d'afficher sans effort ces visuels impactants dans n'importe quel espace souhait\u00e9. Faites une d\u00e9claration et captez l'attention avec la puissance et la pr\u00e9cision des machines Hyundai pr\u00e9sent\u00e9es sur nos affiches Dibond premium.<\/p>","protected":false},"featured_media":5585,"comment_status":"open","ping_status":"closed","template":"","meta":{"_acf_changed":false},"product_brand":[],"product_cat":[],"product_tag":[205],"class_list":{"0":"post-2792","1":"product","2":"type-product","3":"status-publish","4":"has-post-thumbnail","6":"product_tag-exclusive","8":"first","9":"onbackorder","10":"taxable","11":"shipping-taxable","12":"purchasable","13":"product-type-simple"},"acf":[],"_links":{"self":[{"href":"https:\/\/hyundaishop.eu\/fr\/wp-json\/wp\/v2\/product\/2792","targetHints":{"allow":["GET"]}}],"collection":[{"href":"https:\/\/hyundaishop.eu\/fr\/wp-json\/wp\/v2\/product"}],"about":[{"href":"https:\/\/hyundaishop.eu\/fr\/wp-json\/wp\/v2\/types\/product"}],"replies":[{"embeddable":true,"href":"https:\/\/hyundaishop.eu\/fr\/wp-json\/wp\/v2\/comments?post=2792"}],"wp:featuredmedia":[{"embeddable":true,"href":"https:\/\/hyundaishop.eu\/fr\/wp-json\/wp\/v2\/media\/5585"}],"wp:attachment":[{"href":"https:\/\/hyundaishop.eu\/fr\/wp-json\/wp\/v2\/media?parent=2792"}],"wp:term":[{"taxonomy":"product_brand","embeddable":true,"href":"https:\/\/hyundaishop.eu\/fr\/wp-json\/wp\/v2\/product_brand?post=2792"},{"taxonomy":"product_cat","embeddable":true,"href":"https:\/\/hyundaishop.eu\/fr\/wp-json\/wp\/v2\/product_cat?post=2792"},{"taxonomy":"product_tag","embeddable":true,"href":"https:\/\/hyundaishop.eu\/fr\/wp-json\/wp\/v2\/product_tag?post=2792"}],"curies":[{"name":"wp","href":"https:\/\/api.w.org\/{rel}","templated":true}]}}