{"id":716,"date":"2024-03-22T11:16:55","date_gmt":"2024-03-22T11:16:55","guid":{"rendered":"https:\/\/hyundaishop.olbecreative.com\/shop\/uncategorized\/thermos-bottle\/"},"modified":"2026-04-09T08:20:25","modified_gmt":"2026-04-09T08:20:25","slug":"thermos-bottle","status":"publish","type":"product","link":"https:\/\/hyundaishop.eu\/es\/shop\/construction-equipment\/lifestyle\/drinkware\/thermos-bottle\/","title":{"rendered":"Thermos Bottle"},"content":{"rendered":"","protected":false},"excerpt":{"rendered":"<p>Nuestra botella t\u00e9rmica azul oscuro de Hyundai presenta el logotipo de Hyundai envuelto alrededor de su elegante dise\u00f1o. Mant\u00e9n tus bebidas calientes o fr\u00edas mientras viajas con esta elegante y pr\u00e1ctica botella, perfecta para viajar, ir al trabajo o realizar actividades al aire libre. Con su capacidad de 500 ml, puedes mantenerte hidratado durante todo el d\u00eda.<\/p>","protected":false},"featured_media":3881,"comment_status":"open","ping_status":"closed","template":"","meta":{"_acf_changed":false},"product_brand":[],"product_cat":[177,199,38,20],"product_tag":[],"class_list":{"0":"post-716","1":"product","2":"type-product","3":"status-publish","4":"has-post-thumbnail","6":"product_cat-black-friday","7":"product_cat-construction-equipment","8":"product_cat-drinkware","9":"product_cat-lifestyle","11":"first","12":"instock","13":"taxable","14":"shipping-taxable","15":"purchasable","16":"product-type-simple"},"acf":[],"_links":{"self":[{"href":"https:\/\/hyundaishop.eu\/es\/wp-json\/wp\/v2\/product\/716","targetHints":{"allow":["GET"]}}],"collection":[{"href":"https:\/\/hyundaishop.eu\/es\/wp-json\/wp\/v2\/product"}],"about":[{"href":"https:\/\/hyundaishop.eu\/es\/wp-json\/wp\/v2\/types\/product"}],"replies":[{"embeddable":true,"href":"https:\/\/hyundaishop.eu\/es\/wp-json\/wp\/v2\/comments?post=716"}],"wp:featuredmedia":[{"embeddable":true,"href":"https:\/\/hyundaishop.eu\/es\/wp-json\/wp\/v2\/media\/3881"}],"wp:attachment":[{"href":"https:\/\/hyundaishop.eu\/es\/wp-json\/wp\/v2\/media?parent=716"}],"wp:term":[{"taxonomy":"product_brand","embeddable":true,"href":"https:\/\/hyundaishop.eu\/es\/wp-json\/wp\/v2\/product_brand?post=716"},{"taxonomy":"product_cat","embeddable":true,"href":"https:\/\/hyundaishop.eu\/es\/wp-json\/wp\/v2\/product_cat?post=716"},{"taxonomy":"product_tag","embeddable":true,"href":"https:\/\/hyundaishop.eu\/es\/wp-json\/wp\/v2\/product_tag?post=716"}],"curies":[{"name":"wp","href":"https:\/\/api.w.org\/{rel}","templated":true}]}}