{"id":688,"date":"2024-03-22T11:14:32","date_gmt":"2024-03-22T11:14:32","guid":{"rendered":"https:\/\/hyundaishop.olbecreative.com\/shop\/uncategorized\/polo-navy-men\/"},"modified":"2026-04-14T14:53:29","modified_gmt":"2026-04-14T14:53:29","slug":"mens-polo-navy","status":"publish","type":"product","link":"https:\/\/hyundaishop.eu\/es\/shop\/construction-equipment\/clothing\/tshirts-shirts\/mens-polo-navy\/","title":{"rendered":"Men&#8217;s Polo Navy"},"content":{"rendered":"","protected":false},"excerpt":{"rendered":"<p>Nuestro polo para hombre en azul marino es un elemento esencial y atemporal del guardarropa, perfecto para varias ocasiones. Nuestro polo est\u00e1 hecho de una calidad el\u00e1stica que es ligera y suave y ofrece mayor comodidad y libertad de movimiento. Las mangas est\u00e1n terminadas con un pu\u00f1o firme hecho del mismo material.<\/p>","protected":false},"featured_media":6550,"comment_status":"open","ping_status":"closed","template":"","meta":{"_acf_changed":false},"product_brand":[],"product_cat":[198,18,199,35],"product_tag":[],"class_list":{"0":"post-688","1":"product","2":"type-product","3":"status-publish","4":"has-post-thumbnail","6":"product_cat-bauma-uniform","7":"product_cat-clothing","8":"product_cat-construction-equipment","9":"product_cat-tshirts-shirts","11":"first","12":"onbackorder","13":"taxable","14":"shipping-taxable","15":"purchasable","16":"product-type-variable"},"acf":[],"_links":{"self":[{"href":"https:\/\/hyundaishop.eu\/es\/wp-json\/wp\/v2\/product\/688","targetHints":{"allow":["GET"]}}],"collection":[{"href":"https:\/\/hyundaishop.eu\/es\/wp-json\/wp\/v2\/product"}],"about":[{"href":"https:\/\/hyundaishop.eu\/es\/wp-json\/wp\/v2\/types\/product"}],"replies":[{"embeddable":true,"href":"https:\/\/hyundaishop.eu\/es\/wp-json\/wp\/v2\/comments?post=688"}],"wp:featuredmedia":[{"embeddable":true,"href":"https:\/\/hyundaishop.eu\/es\/wp-json\/wp\/v2\/media\/6550"}],"wp:attachment":[{"href":"https:\/\/hyundaishop.eu\/es\/wp-json\/wp\/v2\/media?parent=688"}],"wp:term":[{"taxonomy":"product_brand","embeddable":true,"href":"https:\/\/hyundaishop.eu\/es\/wp-json\/wp\/v2\/product_brand?post=688"},{"taxonomy":"product_cat","embeddable":true,"href":"https:\/\/hyundaishop.eu\/es\/wp-json\/wp\/v2\/product_cat?post=688"},{"taxonomy":"product_tag","embeddable":true,"href":"https:\/\/hyundaishop.eu\/es\/wp-json\/wp\/v2\/product_tag?post=688"}],"curies":[{"name":"wp","href":"https:\/\/api.w.org\/{rel}","templated":true}]}}