{"id":687,"date":"2024-03-22T11:14:29","date_gmt":"2024-03-22T11:14:29","guid":{"rendered":"https:\/\/hyundaishop.olbecreative.com\/shop\/uncategorized\/notepad\/"},"modified":"2026-04-09T08:20:16","modified_gmt":"2026-04-09T08:20:16","slug":"notepad","status":"publish","type":"product","link":"https:\/\/hyundaishop.eu\/es\/shop\/construction-equipment\/lifestyle\/office\/notepad\/","title":{"rendered":"Notepad"},"content":{"rendered":"<p>Ruled A5 hardcover standard notebook with elastic closure and bookmark ribbon.<\/p>","protected":false},"excerpt":{"rendered":"<p>Descubra el compa\u00f1ero perfecto para todas sus necesidades de escritura: el bloc de notas HD Hyundai en un sofisticado color azul oscuro. Este cuaderno A5 de tapa dura de alta calidad no solo es funcional, sino tambi\u00e9n elegante y duradero, lo que lo hace ideal tanto para uso profesional como personal. Con una resistente tapa dura para una protecci\u00f3n \u00f3ptima, 144 p\u00e1ginas rayadas de papel premium de 70g\/m2, una banda el\u00e1stica de cierre y un marcador incorporado, este cuaderno garantiza que sus notas est\u00e9n siempre seguras y f\u00e1cilmente accesibles.<\/p>","protected":false},"featured_media":5682,"comment_status":"open","ping_status":"closed","template":"","meta":{"_acf_changed":false},"product_brand":[],"product_cat":[199,20,39],"product_tag":[],"class_list":{"0":"post-687","1":"product","2":"type-product","3":"status-publish","4":"has-post-thumbnail","6":"product_cat-construction-equipment","7":"product_cat-lifestyle","8":"product_cat-office","10":"first","11":"instock","12":"taxable","13":"shipping-taxable","14":"purchasable","15":"product-type-simple"},"acf":[],"_links":{"self":[{"href":"https:\/\/hyundaishop.eu\/es\/wp-json\/wp\/v2\/product\/687","targetHints":{"allow":["GET"]}}],"collection":[{"href":"https:\/\/hyundaishop.eu\/es\/wp-json\/wp\/v2\/product"}],"about":[{"href":"https:\/\/hyundaishop.eu\/es\/wp-json\/wp\/v2\/types\/product"}],"replies":[{"embeddable":true,"href":"https:\/\/hyundaishop.eu\/es\/wp-json\/wp\/v2\/comments?post=687"}],"wp:featuredmedia":[{"embeddable":true,"href":"https:\/\/hyundaishop.eu\/es\/wp-json\/wp\/v2\/media\/5682"}],"wp:attachment":[{"href":"https:\/\/hyundaishop.eu\/es\/wp-json\/wp\/v2\/media?parent=687"}],"wp:term":[{"taxonomy":"product_brand","embeddable":true,"href":"https:\/\/hyundaishop.eu\/es\/wp-json\/wp\/v2\/product_brand?post=687"},{"taxonomy":"product_cat","embeddable":true,"href":"https:\/\/hyundaishop.eu\/es\/wp-json\/wp\/v2\/product_cat?post=687"},{"taxonomy":"product_tag","embeddable":true,"href":"https:\/\/hyundaishop.eu\/es\/wp-json\/wp\/v2\/product_tag?post=687"}],"curies":[{"name":"wp","href":"https:\/\/api.w.org\/{rel}","templated":true}]}}