{"id":670,"date":"2024-03-22T11:13:11","date_gmt":"2024-03-22T11:13:11","guid":{"rendered":"https:\/\/hyundaishop.olbecreative.com\/shop\/uncategorized\/lanyard\/"},"modified":"2026-04-13T13:23:27","modified_gmt":"2026-04-13T13:23:27","slug":"lanyard","status":"publish","type":"product","link":"https:\/\/hyundaishop.eu\/es\/shop\/construction-equipment\/lifestyle\/office\/lanyard\/","title":{"rendered":"Lanyard"},"content":{"rendered":"","protected":false},"excerpt":{"rendered":"<p>Este pr\u00e1ctico cord\u00f3n viene equipado con un gancho de metal de alta calidad y un llavero. El cord\u00f3n azul con el logotipo de Hyundai est\u00e1 provisto de un cierre de seguridad que se rompe bajo presi\u00f3n, manteni\u00e9ndote seguro mientras trabajas con equipo pesado. Perfecto para asegurar tus llaves a tu persona, pero tambi\u00e9n funciona con otras pertenencias peque\u00f1as pero importantes, como tarjetas de identificaci\u00f3n.<\/p>","protected":false},"featured_media":1167,"comment_status":"open","ping_status":"closed","template":"","meta":{"_acf_changed":false},"product_brand":[],"product_cat":[199,20,39],"product_tag":[],"class_list":{"0":"post-670","1":"product","2":"type-product","3":"status-publish","4":"has-post-thumbnail","6":"product_cat-construction-equipment","7":"product_cat-lifestyle","8":"product_cat-office","10":"first","11":"instock","12":"taxable","13":"shipping-taxable","14":"purchasable","15":"product-type-simple"},"acf":[],"_links":{"self":[{"href":"https:\/\/hyundaishop.eu\/es\/wp-json\/wp\/v2\/product\/670","targetHints":{"allow":["GET"]}}],"collection":[{"href":"https:\/\/hyundaishop.eu\/es\/wp-json\/wp\/v2\/product"}],"about":[{"href":"https:\/\/hyundaishop.eu\/es\/wp-json\/wp\/v2\/types\/product"}],"replies":[{"embeddable":true,"href":"https:\/\/hyundaishop.eu\/es\/wp-json\/wp\/v2\/comments?post=670"}],"wp:featuredmedia":[{"embeddable":true,"href":"https:\/\/hyundaishop.eu\/es\/wp-json\/wp\/v2\/media\/1167"}],"wp:attachment":[{"href":"https:\/\/hyundaishop.eu\/es\/wp-json\/wp\/v2\/media?parent=670"}],"wp:term":[{"taxonomy":"product_brand","embeddable":true,"href":"https:\/\/hyundaishop.eu\/es\/wp-json\/wp\/v2\/product_brand?post=670"},{"taxonomy":"product_cat","embeddable":true,"href":"https:\/\/hyundaishop.eu\/es\/wp-json\/wp\/v2\/product_cat?post=670"},{"taxonomy":"product_tag","embeddable":true,"href":"https:\/\/hyundaishop.eu\/es\/wp-json\/wp\/v2\/product_tag?post=670"}],"curies":[{"name":"wp","href":"https:\/\/api.w.org\/{rel}","templated":true}]}}