{"id":5472,"date":"2025-02-06T11:42:32","date_gmt":"2025-02-06T11:42:32","guid":{"rendered":"https:\/\/hyundaishop.eu\/shop\/uncategorized\/mh-roll-up-banner-85x200-design-b\/"},"modified":"2026-03-11T06:37:44","modified_gmt":"2026-03-11T06:37:44","slug":"mh-roll-up-banner-85x200cm-design-b","status":"publish","type":"product","link":"https:\/\/hyundaishop.eu\/es\/shop\/uncategorized\/mh-roll-up-banner-85x200cm-design-b\/","title":{"rendered":"MH Roll up Banner (85x200cm) Design B"},"content":{"rendered":"","protected":false},"excerpt":{"rendered":"<p>Nuestro Roll-Up Banner de 85x200cm es una soluci\u00f3n de exhibici\u00f3n elegante y port\u00e1til dise\u00f1ada para hacer destacar su mensaje. Perfecto para ferias comerciales, eventos o espacios de venta, este banner combina un tama\u00f1o compacto con visuales impactantes. Presentando impresionantes fotograf\u00edas de maquinaria Hyundai, es una soluci\u00f3n de exhibici\u00f3n conveniente e impactante que exige atenci\u00f3n. F\u00e1cil de montar y desmontar, este banner enrollable ofrece comodidad sin comprometer la visibilidad.<\/p>","protected":false},"featured_media":5486,"comment_status":"open","ping_status":"closed","template":"","meta":{"_acf_changed":false},"product_brand":[],"product_cat":[],"product_tag":[205],"class_list":{"0":"post-5472","1":"product","2":"type-product","3":"status-publish","4":"has-post-thumbnail","6":"product_tag-exclusive","8":"first","9":"instock","10":"taxable","11":"shipping-taxable","12":"purchasable","13":"product-type-simple"},"acf":[],"_links":{"self":[{"href":"https:\/\/hyundaishop.eu\/es\/wp-json\/wp\/v2\/product\/5472","targetHints":{"allow":["GET"]}}],"collection":[{"href":"https:\/\/hyundaishop.eu\/es\/wp-json\/wp\/v2\/product"}],"about":[{"href":"https:\/\/hyundaishop.eu\/es\/wp-json\/wp\/v2\/types\/product"}],"replies":[{"embeddable":true,"href":"https:\/\/hyundaishop.eu\/es\/wp-json\/wp\/v2\/comments?post=5472"}],"wp:featuredmedia":[{"embeddable":true,"href":"https:\/\/hyundaishop.eu\/es\/wp-json\/wp\/v2\/media\/5486"}],"wp:attachment":[{"href":"https:\/\/hyundaishop.eu\/es\/wp-json\/wp\/v2\/media?parent=5472"}],"wp:term":[{"taxonomy":"product_brand","embeddable":true,"href":"https:\/\/hyundaishop.eu\/es\/wp-json\/wp\/v2\/product_brand?post=5472"},{"taxonomy":"product_cat","embeddable":true,"href":"https:\/\/hyundaishop.eu\/es\/wp-json\/wp\/v2\/product_cat?post=5472"},{"taxonomy":"product_tag","embeddable":true,"href":"https:\/\/hyundaishop.eu\/es\/wp-json\/wp\/v2\/product_tag?post=5472"}],"curies":[{"name":"wp","href":"https:\/\/api.w.org\/{rel}","templated":true}]}}