{"id":5471,"date":"2025-02-06T11:42:25","date_gmt":"2025-02-06T11:42:25","guid":{"rendered":"https:\/\/hyundaishop.eu\/shop\/uncategorized\/mh-table-flag-metallic\/"},"modified":"2026-03-11T06:37:45","modified_gmt":"2026-03-11T06:37:45","slug":"mh-table-flag-metallic-30x9-cm","status":"publish","type":"product","link":"https:\/\/hyundaishop.eu\/es\/shop\/uncategorized\/mh-table-flag-metallic-30x9-cm\/","title":{"rendered":"MH Table flag Metallic 30&#215;9 cm"},"content":{"rendered":"","protected":false},"excerpt":{"rendered":"<p>Mejore el ambiente de su oficina, evento o \u00e1rea promocional con nuestra bandera de mesa Hyundai compacta, que luce un elegante acabado met\u00e1lico. Su dise\u00f1o estilizado a\u00f1ade un elemento de sofisticaci\u00f3n, convirti\u00e9ndola en una opci\u00f3n ideal para elevar cualquier entorno.<\/p>","protected":false},"featured_media":5485,"comment_status":"open","ping_status":"closed","template":"","meta":{"_acf_changed":false},"product_brand":[],"product_cat":[],"product_tag":[205],"class_list":{"0":"post-5471","1":"product","2":"type-product","3":"status-publish","4":"has-post-thumbnail","6":"product_tag-exclusive","8":"first","9":"instock","10":"taxable","11":"shipping-taxable","12":"purchasable","13":"product-type-simple"},"acf":[],"_links":{"self":[{"href":"https:\/\/hyundaishop.eu\/es\/wp-json\/wp\/v2\/product\/5471","targetHints":{"allow":["GET"]}}],"collection":[{"href":"https:\/\/hyundaishop.eu\/es\/wp-json\/wp\/v2\/product"}],"about":[{"href":"https:\/\/hyundaishop.eu\/es\/wp-json\/wp\/v2\/types\/product"}],"replies":[{"embeddable":true,"href":"https:\/\/hyundaishop.eu\/es\/wp-json\/wp\/v2\/comments?post=5471"}],"wp:featuredmedia":[{"embeddable":true,"href":"https:\/\/hyundaishop.eu\/es\/wp-json\/wp\/v2\/media\/5485"}],"wp:attachment":[{"href":"https:\/\/hyundaishop.eu\/es\/wp-json\/wp\/v2\/media?parent=5471"}],"wp:term":[{"taxonomy":"product_brand","embeddable":true,"href":"https:\/\/hyundaishop.eu\/es\/wp-json\/wp\/v2\/product_brand?post=5471"},{"taxonomy":"product_cat","embeddable":true,"href":"https:\/\/hyundaishop.eu\/es\/wp-json\/wp\/v2\/product_cat?post=5471"},{"taxonomy":"product_tag","embeddable":true,"href":"https:\/\/hyundaishop.eu\/es\/wp-json\/wp\/v2\/product_tag?post=5471"}],"curies":[{"name":"wp","href":"https:\/\/api.w.org\/{rel}","templated":true}]}}