{"id":5096,"date":"2025-01-02T13:45:56","date_gmt":"2025-01-02T13:45:56","guid":{"rendered":"https:\/\/hyundaishop.eu\/shop\/uncategorized\/mh-water-bottle\/"},"modified":"2026-04-09T08:23:41","modified_gmt":"2026-04-09T08:23:41","slug":"mh-water-bottle","status":"publish","type":"product","link":"https:\/\/hyundaishop.eu\/es\/shop\/material-handling\/merchandise\/mh-water-bottle\/","title":{"rendered":"MH Water Bottle"},"content":{"rendered":"","protected":false},"excerpt":{"rendered":"<p>Esta botella de agua Hyundai a prueba de fugas combina sin esfuerzo estilo y funcionalidad. Con una capacidad de 620 ml, te asegura mantenerte hidratado durante todo el d\u00eda. La tapa de rosca presenta un hermoso acabado met\u00e1lico que complementa el cuerpo de color a juego, haci\u00e9ndola tan elegante como pr\u00e1ctica. Dise\u00f1ada solo para agua fr\u00eda, esta botella libre de BPA es segura y conveniente para el uso diario.<\/p>","protected":false},"featured_media":5110,"comment_status":"open","ping_status":"closed","template":"","meta":{"_acf_changed":false},"product_brand":[],"product_cat":[191,192],"product_tag":[],"class_list":{"0":"post-5096","1":"product","2":"type-product","3":"status-publish","4":"has-post-thumbnail","6":"product_cat-material-handling","7":"product_cat-merchandise","9":"first","10":"instock","11":"taxable","12":"shipping-taxable","13":"purchasable","14":"product-type-simple"},"acf":[],"_links":{"self":[{"href":"https:\/\/hyundaishop.eu\/es\/wp-json\/wp\/v2\/product\/5096","targetHints":{"allow":["GET"]}}],"collection":[{"href":"https:\/\/hyundaishop.eu\/es\/wp-json\/wp\/v2\/product"}],"about":[{"href":"https:\/\/hyundaishop.eu\/es\/wp-json\/wp\/v2\/types\/product"}],"replies":[{"embeddable":true,"href":"https:\/\/hyundaishop.eu\/es\/wp-json\/wp\/v2\/comments?post=5096"}],"wp:featuredmedia":[{"embeddable":true,"href":"https:\/\/hyundaishop.eu\/es\/wp-json\/wp\/v2\/media\/5110"}],"wp:attachment":[{"href":"https:\/\/hyundaishop.eu\/es\/wp-json\/wp\/v2\/media?parent=5096"}],"wp:term":[{"taxonomy":"product_brand","embeddable":true,"href":"https:\/\/hyundaishop.eu\/es\/wp-json\/wp\/v2\/product_brand?post=5096"},{"taxonomy":"product_cat","embeddable":true,"href":"https:\/\/hyundaishop.eu\/es\/wp-json\/wp\/v2\/product_cat?post=5096"},{"taxonomy":"product_tag","embeddable":true,"href":"https:\/\/hyundaishop.eu\/es\/wp-json\/wp\/v2\/product_tag?post=5096"}],"curies":[{"name":"wp","href":"https:\/\/api.w.org\/{rel}","templated":true}]}}